{"id":1879,"date":"2022-12-26T12:37:53","date_gmt":"2022-12-26T12:37:53","guid":{"rendered":"https:\/\/mouchao.pt\/product\/mel-silvestre-mouchao\/"},"modified":"2024-01-29T14:47:28","modified_gmt":"2024-01-29T14:47:28","slug":"mouchao-wildflower-honey","status":"publish","type":"product","link":"https:\/\/mouchao.pt\/en\/product\/mouchao-wildflower-honey\/","title":{"rendered":"Mouch\u00e3o Wildflower Honey"},"content":{"rendered":"<p style=\"text-align: justify;\"><strong>PRODUCTION<\/strong><\/p>\n<p>The bees at Mouch\u00e3o craft their honey from the wild shrubs, flowers, and native trees of the estate. This extensive flora includes lavender, eucalyptus, rockrose, rosemary, orange trees, gorse, broom, and heather, as well as an abundance of wildflowers such as poppies and chamomile. Human intervention is limited and occurs almost exclusively during harvesting. Mouch\u00e3o honey is full of personality and reflects the natural conditions in which the bees work.\u00a0 Over time, the honey tends to thicken due to being a raw, natural product and it\u2019s colour can vary from paler hues to deep golden-brown tones.<\/p>\n<p style=\"text-align: justify;\"><strong>PROVENANCE<\/strong><\/p>\n<p>This honey is produced exclusively on the Mouch\u00e3o estate.\u00a0 We take great pride in the responsible husbandry of our olive groves and vines &#8211; a critical role in sustaining our healthy bee population.\u00a0 With the certified organic management of our sheep and the FSC\u00ae quality seal on our forests, this &#8216;raw honey&#8217; perfectly captures the essence of Mouch\u00e3o&#8217;s natural environment.<\/p>\n<p style=\"text-align: justify;\"><strong>TASTING NOTE<\/strong><\/p>\n<p>Usually with a thick but smooth texture, it has floral highlights of orange blossom, wild lavender, and jasmine, with undertones of biscuit, butter, and dried fruits.\u00a0\u00a0 As this is a raw honey, over the months it tends to thicken and can vary both in consistency and in darker golden hues.<\/p>\n<p>&nbsp;<\/p>\n","protected":false},"excerpt":{"rendered":"<p style=\"text-align: center;\"><strong>The honey from Mouch\u00e3o is full of personality and reflects the natural environment in which the bees thrive.<\/strong><\/p>\n<p style=\"text-align: center;\">Although beehives have existed in Mouch\u00e3o for over a century, honey was first commercially sold in 2011. In the expansive and natural surroundings of the estate, bees craft this wild honey with pollen from native shrubs, trees, and wild meadows.\u00a0 Beekeeping intervention is limited almost exclusively to harvesting.<\/p>\n<p style=\"text-align: center;\">The honey, due to its purity, tends to thicken over time and can vary both in consistency and in its darker golden hue.<\/p>\n","protected":false},"featured_media":1029,"template":"","meta":{"_acf_changed":false},"product_brand":[],"product_cat":[72],"product_tag":[],"class_list":{"0":"post-1879","1":"product","2":"type-product","3":"status-publish","4":"has-post-thumbnail","6":"product_cat-other-farm-produce","8":"first","9":"instock","10":"taxable","11":"shipping-taxable","12":"purchasable","13":"product-type-simple"},"acf":[],"yoast_head":"<!-- This site is optimized with the Yoast SEO plugin v27.3 - https:\/\/yoast.com\/product\/yoast-seo-wordpress\/ -->\n<title>Mouch\u00e3o Wildflower Honey - Herdade do Mouch\u00e3o<\/title>\n<meta name=\"description\" content=\"O mel do Mouch\u00e3o \u00e9 cheio de personalidade e expressa a vida silvestre das condi\u00e7\u00f5es em que as abelhas trabalham.\" \/>\n<meta name=\"robots\" content=\"index, follow, max-snippet:-1, max-image-preview:large, max-video-preview:-1\" \/>\n<link rel=\"canonical\" href=\"https:\/\/mouchao.pt\/en\/product\/mouchao-wildflower-honey\/\" \/>\n<meta property=\"og:locale\" content=\"en_US\" \/>\n<meta property=\"og:type\" content=\"article\" \/>\n<meta property=\"og:title\" content=\"Mouch\u00e3o Wildflower Honey - Herdade do Mouch\u00e3o\" \/>\n<meta property=\"og:description\" content=\"O mel do Mouch\u00e3o \u00e9 cheio de personalidade e expressa a vida silvestre das condi\u00e7\u00f5es em que as abelhas trabalham.\" \/>\n<meta property=\"og:url\" content=\"https:\/\/mouchao.pt\/en\/product\/mouchao-wildflower-honey\/\" \/>\n<meta property=\"og:site_name\" content=\"Herdade do Mouch\u00e3o\" \/>\n<meta property=\"article:publisher\" content=\"https:\/\/www.facebook.com\/adegadomouchao\" \/>\n<meta property=\"article:modified_time\" content=\"2024-01-29T14:47:28+00:00\" \/>\n<meta property=\"og:image\" content=\"https:\/\/mouchao.pt\/wp-content\/uploads\/2022\/09\/Mel-de-Flores-Silvestres.jpg\" \/>\n\t<meta property=\"og:image:width\" content=\"1500\" \/>\n\t<meta property=\"og:image:height\" content=\"1500\" \/>\n\t<meta property=\"og:image:type\" content=\"image\/jpeg\" \/>\n<meta name=\"twitter:card\" content=\"summary_large_image\" \/>\n<meta name=\"twitter:label1\" content=\"Est. reading time\" \/>\n\t<meta name=\"twitter:data1\" content=\"2 minutes\" \/>\n<script type=\"application\/ld+json\" class=\"yoast-schema-graph\">{\"@context\":\"https:\\\/\\\/schema.org\",\"@graph\":[{\"@type\":\"WebPage\",\"@id\":\"https:\\\/\\\/mouchao.pt\\\/en\\\/product\\\/mouchao-wildflower-honey\\\/\",\"url\":\"https:\\\/\\\/mouchao.pt\\\/en\\\/product\\\/mouchao-wildflower-honey\\\/\",\"name\":\"Mouch\u00e3o Wildflower Honey - Herdade do Mouch\u00e3o\",\"isPartOf\":{\"@id\":\"https:\\\/\\\/mouchao.pt\\\/#website\"},\"primaryImageOfPage\":{\"@id\":\"https:\\\/\\\/mouchao.pt\\\/en\\\/product\\\/mouchao-wildflower-honey\\\/#primaryimage\"},\"image\":{\"@id\":\"https:\\\/\\\/mouchao.pt\\\/en\\\/product\\\/mouchao-wildflower-honey\\\/#primaryimage\"},\"thumbnailUrl\":\"https:\\\/\\\/mouchao.pt\\\/wp-content\\\/uploads\\\/2022\\\/09\\\/Mel-de-Flores-Silvestres.jpg\",\"datePublished\":\"2022-12-26T12:37:53+00:00\",\"dateModified\":\"2024-01-29T14:47:28+00:00\",\"description\":\"O mel do Mouch\u00e3o \u00e9 cheio de personalidade e expressa a vida silvestre das condi\u00e7\u00f5es em que as abelhas trabalham.\",\"breadcrumb\":{\"@id\":\"https:\\\/\\\/mouchao.pt\\\/en\\\/product\\\/mouchao-wildflower-honey\\\/#breadcrumb\"},\"inLanguage\":\"en-US\",\"potentialAction\":[{\"@type\":\"ReadAction\",\"target\":[\"https:\\\/\\\/mouchao.pt\\\/en\\\/product\\\/mouchao-wildflower-honey\\\/\"]}]},{\"@type\":\"ImageObject\",\"inLanguage\":\"en-US\",\"@id\":\"https:\\\/\\\/mouchao.pt\\\/en\\\/product\\\/mouchao-wildflower-honey\\\/#primaryimage\",\"url\":\"https:\\\/\\\/mouchao.pt\\\/wp-content\\\/uploads\\\/2022\\\/09\\\/Mel-de-Flores-Silvestres.jpg\",\"contentUrl\":\"https:\\\/\\\/mouchao.pt\\\/wp-content\\\/uploads\\\/2022\\\/09\\\/Mel-de-Flores-Silvestres.jpg\",\"width\":1500,\"height\":1500},{\"@type\":\"BreadcrumbList\",\"@id\":\"https:\\\/\\\/mouchao.pt\\\/en\\\/product\\\/mouchao-wildflower-honey\\\/#breadcrumb\",\"itemListElement\":[{\"@type\":\"ListItem\",\"position\":1,\"name\":\"Homepage\",\"item\":\"https:\\\/\\\/mouchao.pt\\\/en\\\/\"},{\"@type\":\"ListItem\",\"position\":2,\"name\":\"Shop\",\"item\":\"https:\\\/\\\/mouchao.pt\\\/en\\\/?page_id=1869\"},{\"@type\":\"ListItem\",\"position\":3,\"name\":\"Mouch\u00e3o Wildflower Honey\"}]},{\"@type\":\"WebSite\",\"@id\":\"https:\\\/\\\/mouchao.pt\\\/#website\",\"url\":\"https:\\\/\\\/mouchao.pt\\\/\",\"name\":\"Herdade do Mouch\u00e3o\",\"description\":\"Alentejo\",\"publisher\":{\"@id\":\"https:\\\/\\\/mouchao.pt\\\/#organization\"},\"alternateName\":\"Herdade do Mouch\u00e3o\",\"potentialAction\":[{\"@type\":\"SearchAction\",\"target\":{\"@type\":\"EntryPoint\",\"urlTemplate\":\"https:\\\/\\\/mouchao.pt\\\/?s={search_term_string}\"},\"query-input\":{\"@type\":\"PropertyValueSpecification\",\"valueRequired\":true,\"valueName\":\"search_term_string\"}}],\"inLanguage\":\"en-US\"},{\"@type\":\"Organization\",\"@id\":\"https:\\\/\\\/mouchao.pt\\\/#organization\",\"name\":\"Herdade do Mouch\u00e3o\",\"alternateName\":\"Herdade do Mouch\u00e3o\",\"url\":\"https:\\\/\\\/mouchao.pt\\\/\",\"logo\":{\"@type\":\"ImageObject\",\"inLanguage\":\"en-US\",\"@id\":\"https:\\\/\\\/mouchao.pt\\\/#\\\/schema\\\/logo\\\/image\\\/\",\"url\":\"https:\\\/\\\/mouchao.pt\\\/wp-content\\\/uploads\\\/2022\\\/09\\\/Herdade-do-mouchao_logo_b.svg\",\"contentUrl\":\"https:\\\/\\\/mouchao.pt\\\/wp-content\\\/uploads\\\/2022\\\/09\\\/Herdade-do-mouchao_logo_b.svg\",\"width\":165,\"height\":30,\"caption\":\"Herdade do Mouch\u00e3o\"},\"image\":{\"@id\":\"https:\\\/\\\/mouchao.pt\\\/#\\\/schema\\\/logo\\\/image\\\/\"},\"sameAs\":[\"https:\\\/\\\/www.facebook.com\\\/adegadomouchao\",\"https:\\\/\\\/www.instagram.com\\\/herdadedomouchao\\\/\"]}]}<\/script>\n<!-- \/ Yoast SEO plugin. -->","yoast_head_json":{"title":"Mouch\u00e3o Wildflower Honey - Herdade do Mouch\u00e3o","description":"O mel do Mouch\u00e3o \u00e9 cheio de personalidade e expressa a vida silvestre das condi\u00e7\u00f5es em que as abelhas trabalham.","robots":{"index":"index","follow":"follow","max-snippet":"max-snippet:-1","max-image-preview":"max-image-preview:large","max-video-preview":"max-video-preview:-1"},"canonical":"https:\/\/mouchao.pt\/en\/product\/mouchao-wildflower-honey\/","og_locale":"en_US","og_type":"article","og_title":"Mouch\u00e3o Wildflower Honey - Herdade do Mouch\u00e3o","og_description":"O mel do Mouch\u00e3o \u00e9 cheio de personalidade e expressa a vida silvestre das condi\u00e7\u00f5es em que as abelhas trabalham.","og_url":"https:\/\/mouchao.pt\/en\/product\/mouchao-wildflower-honey\/","og_site_name":"Herdade do Mouch\u00e3o","article_publisher":"https:\/\/www.facebook.com\/adegadomouchao","article_modified_time":"2024-01-29T14:47:28+00:00","og_image":[{"width":1500,"height":1500,"url":"https:\/\/mouchao.pt\/wp-content\/uploads\/2022\/09\/Mel-de-Flores-Silvestres.jpg","type":"image\/jpeg"}],"twitter_card":"summary_large_image","twitter_misc":{"Est. reading time":"2 minutes"},"schema":{"@context":"https:\/\/schema.org","@graph":[{"@type":"WebPage","@id":"https:\/\/mouchao.pt\/en\/product\/mouchao-wildflower-honey\/","url":"https:\/\/mouchao.pt\/en\/product\/mouchao-wildflower-honey\/","name":"Mouch\u00e3o Wildflower Honey - Herdade do Mouch\u00e3o","isPartOf":{"@id":"https:\/\/mouchao.pt\/#website"},"primaryImageOfPage":{"@id":"https:\/\/mouchao.pt\/en\/product\/mouchao-wildflower-honey\/#primaryimage"},"image":{"@id":"https:\/\/mouchao.pt\/en\/product\/mouchao-wildflower-honey\/#primaryimage"},"thumbnailUrl":"https:\/\/mouchao.pt\/wp-content\/uploads\/2022\/09\/Mel-de-Flores-Silvestres.jpg","datePublished":"2022-12-26T12:37:53+00:00","dateModified":"2024-01-29T14:47:28+00:00","description":"O mel do Mouch\u00e3o \u00e9 cheio de personalidade e expressa a vida silvestre das condi\u00e7\u00f5es em que as abelhas trabalham.","breadcrumb":{"@id":"https:\/\/mouchao.pt\/en\/product\/mouchao-wildflower-honey\/#breadcrumb"},"inLanguage":"en-US","potentialAction":[{"@type":"ReadAction","target":["https:\/\/mouchao.pt\/en\/product\/mouchao-wildflower-honey\/"]}]},{"@type":"ImageObject","inLanguage":"en-US","@id":"https:\/\/mouchao.pt\/en\/product\/mouchao-wildflower-honey\/#primaryimage","url":"https:\/\/mouchao.pt\/wp-content\/uploads\/2022\/09\/Mel-de-Flores-Silvestres.jpg","contentUrl":"https:\/\/mouchao.pt\/wp-content\/uploads\/2022\/09\/Mel-de-Flores-Silvestres.jpg","width":1500,"height":1500},{"@type":"BreadcrumbList","@id":"https:\/\/mouchao.pt\/en\/product\/mouchao-wildflower-honey\/#breadcrumb","itemListElement":[{"@type":"ListItem","position":1,"name":"Homepage","item":"https:\/\/mouchao.pt\/en\/"},{"@type":"ListItem","position":2,"name":"Shop","item":"https:\/\/mouchao.pt\/en\/?page_id=1869"},{"@type":"ListItem","position":3,"name":"Mouch\u00e3o Wildflower Honey"}]},{"@type":"WebSite","@id":"https:\/\/mouchao.pt\/#website","url":"https:\/\/mouchao.pt\/","name":"Herdade do Mouch\u00e3o","description":"Alentejo","publisher":{"@id":"https:\/\/mouchao.pt\/#organization"},"alternateName":"Herdade do Mouch\u00e3o","potentialAction":[{"@type":"SearchAction","target":{"@type":"EntryPoint","urlTemplate":"https:\/\/mouchao.pt\/?s={search_term_string}"},"query-input":{"@type":"PropertyValueSpecification","valueRequired":true,"valueName":"search_term_string"}}],"inLanguage":"en-US"},{"@type":"Organization","@id":"https:\/\/mouchao.pt\/#organization","name":"Herdade do Mouch\u00e3o","alternateName":"Herdade do Mouch\u00e3o","url":"https:\/\/mouchao.pt\/","logo":{"@type":"ImageObject","inLanguage":"en-US","@id":"https:\/\/mouchao.pt\/#\/schema\/logo\/image\/","url":"https:\/\/mouchao.pt\/wp-content\/uploads\/2022\/09\/Herdade-do-mouchao_logo_b.svg","contentUrl":"https:\/\/mouchao.pt\/wp-content\/uploads\/2022\/09\/Herdade-do-mouchao_logo_b.svg","width":165,"height":30,"caption":"Herdade do Mouch\u00e3o"},"image":{"@id":"https:\/\/mouchao.pt\/#\/schema\/logo\/image\/"},"sameAs":["https:\/\/www.facebook.com\/adegadomouchao","https:\/\/www.instagram.com\/herdadedomouchao\/"]}]}},"_links":{"self":[{"href":"https:\/\/mouchao.pt\/en\/wp-json\/wp\/v2\/product\/1879","targetHints":{"allow":["GET"]}}],"collection":[{"href":"https:\/\/mouchao.pt\/en\/wp-json\/wp\/v2\/product"}],"about":[{"href":"https:\/\/mouchao.pt\/en\/wp-json\/wp\/v2\/types\/product"}],"wp:featuredmedia":[{"embeddable":true,"href":"https:\/\/mouchao.pt\/en\/wp-json\/wp\/v2\/media\/1029"}],"wp:attachment":[{"href":"https:\/\/mouchao.pt\/en\/wp-json\/wp\/v2\/media?parent=1879"}],"wp:term":[{"taxonomy":"product_brand","embeddable":true,"href":"https:\/\/mouchao.pt\/en\/wp-json\/wp\/v2\/product_brand?post=1879"},{"taxonomy":"product_cat","embeddable":true,"href":"https:\/\/mouchao.pt\/en\/wp-json\/wp\/v2\/product_cat?post=1879"},{"taxonomy":"product_tag","embeddable":true,"href":"https:\/\/mouchao.pt\/en\/wp-json\/wp\/v2\/product_tag?post=1879"}],"curies":[{"name":"wp","href":"https:\/\/api.w.org\/{rel}","templated":true}]}}