{"id":1880,"date":"2022-12-26T12:30:54","date_gmt":"2022-12-26T12:30:54","guid":{"rendered":"https:\/\/mouchao.pt\/product\/azeite-virgem-extra-galega\/"},"modified":"2024-01-29T14:55:15","modified_gmt":"2024-01-29T14:55:15","slug":"galega-extra-virgin-olive-oil","status":"publish","type":"product","link":"https:\/\/mouchao.pt\/en\/product\/galega-extra-virgin-olive-oil\/","title":{"rendered":"Galega Extra Virgin Olive Oil"},"content":{"rendered":"<p>Limited production.<\/p>\n<p>&nbsp;<\/p>\n","protected":false},"excerpt":{"rendered":"<p><strong>Galega is considered the oldest and most typical olive variety in Alentejo.\u00a0 Fruit from cherished, centuries-old trees on Mouch\u00e3o estate, is used to produce this varietal.<\/strong><\/p>\n<p>This single variety, cold-extracted, extra virgin olive oil is treasured for its subtlety and sophistication.\u00a0 With gentle notes of cut grass, asparagus, artichoke, and sweet walnut undertones.<\/p>\n<p>The responsible husbandry of our olive groves is critical to guarantee the best fruit and to keep our bees healthy.<\/p>\n","protected":false},"featured_media":1024,"template":"","meta":{"_acf_changed":false},"product_brand":[],"product_cat":[72],"product_tag":[],"class_list":{"0":"post-1880","1":"product","2":"type-product","3":"status-publish","4":"has-post-thumbnail","6":"product_cat-other-farm-produce","8":"first","9":"instock","10":"taxable","11":"shipping-taxable","12":"purchasable","13":"product-type-simple"},"acf":[],"yoast_head":"<!-- This site is optimized with the Yoast SEO plugin v27.4 - https:\/\/yoast.com\/product\/yoast-seo-wordpress\/ -->\n<title>Galega Extra Virgin Olive Oil - Herdade do Mouch\u00e3o<\/title>\n<meta name=\"description\" content=\"Azeite proveniente de oliveiras centen\u00e1rias na herdade. A Galega \u00e9 considerada a variedade mais antiga e t\u00edpica da nossa regi\u00e3o.\" \/>\n<meta name=\"robots\" content=\"index, follow, max-snippet:-1, max-image-preview:large, max-video-preview:-1\" \/>\n<link rel=\"canonical\" href=\"https:\/\/mouchao.pt\/en\/product\/galega-extra-virgin-olive-oil\/\" \/>\n<meta property=\"og:locale\" content=\"en_US\" \/>\n<meta property=\"og:type\" content=\"article\" \/>\n<meta property=\"og:title\" content=\"Galega Extra Virgin Olive Oil - Herdade do Mouch\u00e3o\" \/>\n<meta property=\"og:description\" content=\"Azeite proveniente de oliveiras centen\u00e1rias na herdade. A Galega \u00e9 considerada a variedade mais antiga e t\u00edpica da nossa regi\u00e3o.\" \/>\n<meta property=\"og:url\" content=\"https:\/\/mouchao.pt\/en\/product\/galega-extra-virgin-olive-oil\/\" \/>\n<meta property=\"og:site_name\" content=\"Herdade do Mouch\u00e3o\" \/>\n<meta property=\"article:publisher\" content=\"https:\/\/www.facebook.com\/adegadomouchao\" \/>\n<meta property=\"article:modified_time\" content=\"2024-01-29T14:55:15+00:00\" \/>\n<meta property=\"og:image\" content=\"https:\/\/mouchao.pt\/wp-content\/uploads\/2022\/09\/Azeite-Galega.jpg\" \/>\n\t<meta property=\"og:image:width\" content=\"1500\" \/>\n\t<meta property=\"og:image:height\" content=\"1500\" \/>\n\t<meta property=\"og:image:type\" content=\"image\/jpeg\" \/>\n<meta name=\"twitter:card\" content=\"summary_large_image\" \/>\n<meta name=\"twitter:label1\" content=\"Est. reading time\" \/>\n\t<meta name=\"twitter:data1\" content=\"1 minute\" \/>\n<script type=\"application\/ld+json\" class=\"yoast-schema-graph\">{\"@context\":\"https:\\\/\\\/schema.org\",\"@graph\":[{\"@type\":\"WebPage\",\"@id\":\"https:\\\/\\\/mouchao.pt\\\/en\\\/product\\\/galega-extra-virgin-olive-oil\\\/\",\"url\":\"https:\\\/\\\/mouchao.pt\\\/en\\\/product\\\/galega-extra-virgin-olive-oil\\\/\",\"name\":\"Galega Extra Virgin Olive Oil - Herdade do Mouch\u00e3o\",\"isPartOf\":{\"@id\":\"https:\\\/\\\/mouchao.pt\\\/#website\"},\"primaryImageOfPage\":{\"@id\":\"https:\\\/\\\/mouchao.pt\\\/en\\\/product\\\/galega-extra-virgin-olive-oil\\\/#primaryimage\"},\"image\":{\"@id\":\"https:\\\/\\\/mouchao.pt\\\/en\\\/product\\\/galega-extra-virgin-olive-oil\\\/#primaryimage\"},\"thumbnailUrl\":\"https:\\\/\\\/mouchao.pt\\\/wp-content\\\/uploads\\\/2022\\\/09\\\/Azeite-Galega.jpg\",\"datePublished\":\"2022-12-26T12:30:54+00:00\",\"dateModified\":\"2024-01-29T14:55:15+00:00\",\"description\":\"Azeite proveniente de oliveiras centen\u00e1rias na herdade. A Galega \u00e9 considerada a variedade mais antiga e t\u00edpica da nossa regi\u00e3o.\",\"breadcrumb\":{\"@id\":\"https:\\\/\\\/mouchao.pt\\\/en\\\/product\\\/galega-extra-virgin-olive-oil\\\/#breadcrumb\"},\"inLanguage\":\"en-US\",\"potentialAction\":[{\"@type\":\"ReadAction\",\"target\":[\"https:\\\/\\\/mouchao.pt\\\/en\\\/product\\\/galega-extra-virgin-olive-oil\\\/\"]}]},{\"@type\":\"ImageObject\",\"inLanguage\":\"en-US\",\"@id\":\"https:\\\/\\\/mouchao.pt\\\/en\\\/product\\\/galega-extra-virgin-olive-oil\\\/#primaryimage\",\"url\":\"https:\\\/\\\/mouchao.pt\\\/wp-content\\\/uploads\\\/2022\\\/09\\\/Azeite-Galega.jpg\",\"contentUrl\":\"https:\\\/\\\/mouchao.pt\\\/wp-content\\\/uploads\\\/2022\\\/09\\\/Azeite-Galega.jpg\",\"width\":1500,\"height\":1500},{\"@type\":\"BreadcrumbList\",\"@id\":\"https:\\\/\\\/mouchao.pt\\\/en\\\/product\\\/galega-extra-virgin-olive-oil\\\/#breadcrumb\",\"itemListElement\":[{\"@type\":\"ListItem\",\"position\":1,\"name\":\"Homepage\",\"item\":\"https:\\\/\\\/mouchao.pt\\\/en\\\/\"},{\"@type\":\"ListItem\",\"position\":2,\"name\":\"Shop\",\"item\":\"https:\\\/\\\/mouchao.pt\\\/en\\\/?page_id=1869\"},{\"@type\":\"ListItem\",\"position\":3,\"name\":\"Galega Extra Virgin Olive Oil\"}]},{\"@type\":\"WebSite\",\"@id\":\"https:\\\/\\\/mouchao.pt\\\/#website\",\"url\":\"https:\\\/\\\/mouchao.pt\\\/\",\"name\":\"Herdade do Mouch\u00e3o\",\"description\":\"Alentejo\",\"publisher\":{\"@id\":\"https:\\\/\\\/mouchao.pt\\\/#organization\"},\"alternateName\":\"Herdade do Mouch\u00e3o\",\"potentialAction\":[{\"@type\":\"SearchAction\",\"target\":{\"@type\":\"EntryPoint\",\"urlTemplate\":\"https:\\\/\\\/mouchao.pt\\\/?s={search_term_string}\"},\"query-input\":{\"@type\":\"PropertyValueSpecification\",\"valueRequired\":true,\"valueName\":\"search_term_string\"}}],\"inLanguage\":\"en-US\"},{\"@type\":\"Organization\",\"@id\":\"https:\\\/\\\/mouchao.pt\\\/#organization\",\"name\":\"Herdade do Mouch\u00e3o\",\"alternateName\":\"Herdade do Mouch\u00e3o\",\"url\":\"https:\\\/\\\/mouchao.pt\\\/\",\"logo\":{\"@type\":\"ImageObject\",\"inLanguage\":\"en-US\",\"@id\":\"https:\\\/\\\/mouchao.pt\\\/#\\\/schema\\\/logo\\\/image\\\/\",\"url\":\"https:\\\/\\\/mouchao.pt\\\/wp-content\\\/uploads\\\/2022\\\/09\\\/Herdade-do-mouchao_logo_b.svg\",\"contentUrl\":\"https:\\\/\\\/mouchao.pt\\\/wp-content\\\/uploads\\\/2022\\\/09\\\/Herdade-do-mouchao_logo_b.svg\",\"width\":165,\"height\":30,\"caption\":\"Herdade do Mouch\u00e3o\"},\"image\":{\"@id\":\"https:\\\/\\\/mouchao.pt\\\/#\\\/schema\\\/logo\\\/image\\\/\"},\"sameAs\":[\"https:\\\/\\\/www.facebook.com\\\/adegadomouchao\",\"https:\\\/\\\/www.instagram.com\\\/herdadedomouchao\\\/\"]}]}<\/script>\n<!-- \/ Yoast SEO plugin. -->","yoast_head_json":{"title":"Galega Extra Virgin Olive Oil - Herdade do Mouch\u00e3o","description":"Azeite proveniente de oliveiras centen\u00e1rias na herdade. A Galega \u00e9 considerada a variedade mais antiga e t\u00edpica da nossa regi\u00e3o.","robots":{"index":"index","follow":"follow","max-snippet":"max-snippet:-1","max-image-preview":"max-image-preview:large","max-video-preview":"max-video-preview:-1"},"canonical":"https:\/\/mouchao.pt\/en\/product\/galega-extra-virgin-olive-oil\/","og_locale":"en_US","og_type":"article","og_title":"Galega Extra Virgin Olive Oil - Herdade do Mouch\u00e3o","og_description":"Azeite proveniente de oliveiras centen\u00e1rias na herdade. A Galega \u00e9 considerada a variedade mais antiga e t\u00edpica da nossa regi\u00e3o.","og_url":"https:\/\/mouchao.pt\/en\/product\/galega-extra-virgin-olive-oil\/","og_site_name":"Herdade do Mouch\u00e3o","article_publisher":"https:\/\/www.facebook.com\/adegadomouchao","article_modified_time":"2024-01-29T14:55:15+00:00","og_image":[{"width":1500,"height":1500,"url":"https:\/\/mouchao.pt\/wp-content\/uploads\/2022\/09\/Azeite-Galega.jpg","type":"image\/jpeg"}],"twitter_card":"summary_large_image","twitter_misc":{"Est. reading time":"1 minute"},"schema":{"@context":"https:\/\/schema.org","@graph":[{"@type":"WebPage","@id":"https:\/\/mouchao.pt\/en\/product\/galega-extra-virgin-olive-oil\/","url":"https:\/\/mouchao.pt\/en\/product\/galega-extra-virgin-olive-oil\/","name":"Galega Extra Virgin Olive Oil - Herdade do Mouch\u00e3o","isPartOf":{"@id":"https:\/\/mouchao.pt\/#website"},"primaryImageOfPage":{"@id":"https:\/\/mouchao.pt\/en\/product\/galega-extra-virgin-olive-oil\/#primaryimage"},"image":{"@id":"https:\/\/mouchao.pt\/en\/product\/galega-extra-virgin-olive-oil\/#primaryimage"},"thumbnailUrl":"https:\/\/mouchao.pt\/wp-content\/uploads\/2022\/09\/Azeite-Galega.jpg","datePublished":"2022-12-26T12:30:54+00:00","dateModified":"2024-01-29T14:55:15+00:00","description":"Azeite proveniente de oliveiras centen\u00e1rias na herdade. A Galega \u00e9 considerada a variedade mais antiga e t\u00edpica da nossa regi\u00e3o.","breadcrumb":{"@id":"https:\/\/mouchao.pt\/en\/product\/galega-extra-virgin-olive-oil\/#breadcrumb"},"inLanguage":"en-US","potentialAction":[{"@type":"ReadAction","target":["https:\/\/mouchao.pt\/en\/product\/galega-extra-virgin-olive-oil\/"]}]},{"@type":"ImageObject","inLanguage":"en-US","@id":"https:\/\/mouchao.pt\/en\/product\/galega-extra-virgin-olive-oil\/#primaryimage","url":"https:\/\/mouchao.pt\/wp-content\/uploads\/2022\/09\/Azeite-Galega.jpg","contentUrl":"https:\/\/mouchao.pt\/wp-content\/uploads\/2022\/09\/Azeite-Galega.jpg","width":1500,"height":1500},{"@type":"BreadcrumbList","@id":"https:\/\/mouchao.pt\/en\/product\/galega-extra-virgin-olive-oil\/#breadcrumb","itemListElement":[{"@type":"ListItem","position":1,"name":"Homepage","item":"https:\/\/mouchao.pt\/en\/"},{"@type":"ListItem","position":2,"name":"Shop","item":"https:\/\/mouchao.pt\/en\/?page_id=1869"},{"@type":"ListItem","position":3,"name":"Galega Extra Virgin Olive Oil"}]},{"@type":"WebSite","@id":"https:\/\/mouchao.pt\/#website","url":"https:\/\/mouchao.pt\/","name":"Herdade do Mouch\u00e3o","description":"Alentejo","publisher":{"@id":"https:\/\/mouchao.pt\/#organization"},"alternateName":"Herdade do Mouch\u00e3o","potentialAction":[{"@type":"SearchAction","target":{"@type":"EntryPoint","urlTemplate":"https:\/\/mouchao.pt\/?s={search_term_string}"},"query-input":{"@type":"PropertyValueSpecification","valueRequired":true,"valueName":"search_term_string"}}],"inLanguage":"en-US"},{"@type":"Organization","@id":"https:\/\/mouchao.pt\/#organization","name":"Herdade do Mouch\u00e3o","alternateName":"Herdade do Mouch\u00e3o","url":"https:\/\/mouchao.pt\/","logo":{"@type":"ImageObject","inLanguage":"en-US","@id":"https:\/\/mouchao.pt\/#\/schema\/logo\/image\/","url":"https:\/\/mouchao.pt\/wp-content\/uploads\/2022\/09\/Herdade-do-mouchao_logo_b.svg","contentUrl":"https:\/\/mouchao.pt\/wp-content\/uploads\/2022\/09\/Herdade-do-mouchao_logo_b.svg","width":165,"height":30,"caption":"Herdade do Mouch\u00e3o"},"image":{"@id":"https:\/\/mouchao.pt\/#\/schema\/logo\/image\/"},"sameAs":["https:\/\/www.facebook.com\/adegadomouchao","https:\/\/www.instagram.com\/herdadedomouchao\/"]}]}},"_links":{"self":[{"href":"https:\/\/mouchao.pt\/en\/wp-json\/wp\/v2\/product\/1880","targetHints":{"allow":["GET"]}}],"collection":[{"href":"https:\/\/mouchao.pt\/en\/wp-json\/wp\/v2\/product"}],"about":[{"href":"https:\/\/mouchao.pt\/en\/wp-json\/wp\/v2\/types\/product"}],"wp:featuredmedia":[{"embeddable":true,"href":"https:\/\/mouchao.pt\/en\/wp-json\/wp\/v2\/media\/1024"}],"wp:attachment":[{"href":"https:\/\/mouchao.pt\/en\/wp-json\/wp\/v2\/media?parent=1880"}],"wp:term":[{"taxonomy":"product_brand","embeddable":true,"href":"https:\/\/mouchao.pt\/en\/wp-json\/wp\/v2\/product_brand?post=1880"},{"taxonomy":"product_cat","embeddable":true,"href":"https:\/\/mouchao.pt\/en\/wp-json\/wp\/v2\/product_cat?post=1880"},{"taxonomy":"product_tag","embeddable":true,"href":"https:\/\/mouchao.pt\/en\/wp-json\/wp\/v2\/product_tag?post=1880"}],"curies":[{"name":"wp","href":"https:\/\/api.w.org\/{rel}","templated":true}]}}