{"id":1883,"date":"2022-12-15T12:46:45","date_gmt":"2022-12-15T12:46:45","guid":{"rendered":"https:\/\/mouchao.pt\/product\/mouchao-sobremesa-tonel-aged-2015\/"},"modified":"2024-01-29T15:51:26","modified_gmt":"2024-01-29T15:51:26","slug":"mouchao-dessert-tonel-aged-2015","status":"publish","type":"product","link":"https:\/\/mouchao.pt\/en\/product\/mouchao-dessert-tonel-aged-2015\/","title":{"rendered":"Mouch\u00e3o Dessert Tonel Aged 2015"},"content":{"rendered":"<p><strong>MOUCH\u00c3O DESSERT TONEL AGED 2015 <\/strong><strong>\u2013<\/strong><strong> TECHNICAL INFORMATION<\/strong><\/p>\n<p><strong>VINIFICATION<\/strong><\/p>\n<p>The best Alicante Bouschet fruit is hand-harvested and foot-trodden in traditional open troughs, known as <em>lagares<\/em>. The crushed grapes are gently macerated prior to and throughout the fermentation process.\u00a0 When the desired alcohol content is reached and once the aromatic and extractive objectives have been achieved, clean spirit &#8211; a form of purified brandy &#8211; is added to arrest the fermentation, thereby maintaining a certain level of sweetness whilst boosting the alcohol content to around 20% Vol.\u00a0 This fortified wine is matured for at least six years, in old 2,200L <em>toneis<\/em> sweetened from decades of use.<\/p>\n<p><strong>VITICULTURE<\/strong><\/p>\n<p>Produced exclusively from the darkest of red grapes, the Alicante Bouschet sourced from the Carapetos vineyard &#8211; 25 years old at harvest \u2013 on well-drained alluvial loams. \u00a0Since 2010, yields for this vineyard block have averaged a meagre 4.03t\/Ha, but contributing significantly to concentration.<\/p>\n<p><strong>GROWING SEASON 2015<\/strong><\/p>\n<p>The first of a sequence of drought years with negligible winter rainfall but, excepting the heat in June and July, the growing season was faultless. Harvest conditions were close to perfect.<\/p>\n<p><strong>TASTING NOTES<\/strong><\/p>\n<p>Complex dark fruit, spicey with nutty black chocolate. Its warm notes of cocoa, tobacco and black fruit are finely balanced with fresh tones of mint and eucalyptus.<\/p>\n<p><strong>SERVING SUGGESTIONS<\/strong><\/p>\n<p>Decant or open 2 to 6 hours beforehand. Serve at 12-14\u00bac.\u00a0 Best paired with local sheep\u2019s cheese, almond or pecan tart, chocolate mousse or dark bitter chocolate. Also delicious with red berries.<\/p>\n<p style=\"text-align: justify;\">Technical sheets:\u00a0 2015\u00a0 |\u00a0 2014\u00a0 |\u00a0 <a href=\"https:\/\/mouchao.pt\/wp-content\/uploads\/2024\/01\/EN-Mouchao-Dessert-Tonel-Aged-2013-Technical-Sheet.pdf\">2013<\/a><\/p>\n","protected":false},"excerpt":{"rendered":"<p style=\"text-align: center;\"><strong>The estate fortified wine, a tradition since 1901.<\/strong><\/p>\n<p style=\"text-align: center;\">Produced at Mouch\u00e3o since the winery was built in 1901, using exclusively Alicante Bouschet grapes and all the traditional winemaking methods synonymous with Mouch\u00e3o\u2019s century-old winery.\u00a0 \u00a0\u00a0This distinctive fortified wine is matured for at least six years, in old 2,200L <em>toneis<\/em>\u00a0sweetened by decades of use.<\/p>\n<p>&nbsp;<\/p>\n","protected":false},"featured_media":1035,"template":"","meta":{"_acf_changed":false},"product_brand":[],"product_cat":[71],"product_tag":[],"class_list":{"0":"post-1883","1":"product","2":"type-product","3":"status-publish","4":"has-post-thumbnail","6":"product_cat-fortified","8":"first","9":"instock","10":"taxable","11":"shipping-taxable","12":"purchasable","13":"product-type-simple"},"acf":[],"yoast_head":"<!-- This site is optimized with the Yoast SEO plugin v27.4 - https:\/\/yoast.com\/product\/yoast-seo-wordpress\/ -->\n<title>Mouch\u00e3o Dessert Tonel Aged 2015 - Herdade do Mouch\u00e3o<\/title>\n<meta name=\"description\" content=\"Este vinho \u00e9 produzido exclusivamente a partir de uvas da casta Alicante Bouschet e pisado a p\u00e9s em lagares tradicionais.\u00a0\" \/>\n<meta name=\"robots\" content=\"index, follow, max-snippet:-1, max-image-preview:large, max-video-preview:-1\" \/>\n<link rel=\"canonical\" href=\"https:\/\/mouchao.pt\/en\/produto\/mouchao-dessert-tonel-aged-2015\/\" \/>\n<meta property=\"og:locale\" content=\"en_US\" \/>\n<meta property=\"og:type\" content=\"article\" \/>\n<meta property=\"og:title\" content=\"Mouch\u00e3o Dessert Tonel Aged 2015 - Herdade do Mouch\u00e3o\" \/>\n<meta property=\"og:description\" content=\"Este vinho \u00e9 produzido exclusivamente a partir de uvas da casta Alicante Bouschet e pisado a p\u00e9s em lagares tradicionais.\u00a0\" \/>\n<meta property=\"og:url\" content=\"https:\/\/mouchao.pt\/en\/produto\/mouchao-dessert-tonel-aged-2015\/\" \/>\n<meta property=\"og:site_name\" content=\"Herdade do Mouch\u00e3o\" \/>\n<meta property=\"article:publisher\" content=\"https:\/\/www.facebook.com\/adegadomouchao\" \/>\n<meta property=\"article:modified_time\" content=\"2024-01-29T15:51:26+00:00\" \/>\n<meta property=\"og:image\" content=\"https:\/\/mouchao.pt\/wp-content\/uploads\/2022\/09\/Mouchao-Tonel-Aged-2014-Vinho-Fortificado.jpg\" \/>\n\t<meta property=\"og:image:width\" content=\"1500\" \/>\n\t<meta property=\"og:image:height\" content=\"1500\" \/>\n\t<meta property=\"og:image:type\" content=\"image\/jpeg\" \/>\n<meta name=\"twitter:card\" content=\"summary_large_image\" \/>\n<meta name=\"twitter:label1\" content=\"Est. reading time\" \/>\n\t<meta name=\"twitter:data1\" content=\"2 minutes\" \/>\n<script type=\"application\/ld+json\" class=\"yoast-schema-graph\">{\"@context\":\"https:\\\/\\\/schema.org\",\"@graph\":[{\"@type\":\"WebPage\",\"@id\":\"https:\\\/\\\/mouchao.pt\\\/en\\\/produto\\\/mouchao-dessert-tonel-aged-2015\\\/\",\"url\":\"https:\\\/\\\/mouchao.pt\\\/en\\\/produto\\\/mouchao-dessert-tonel-aged-2015\\\/\",\"name\":\"Mouch\u00e3o Dessert Tonel Aged 2015 - Herdade do Mouch\u00e3o\",\"isPartOf\":{\"@id\":\"https:\\\/\\\/mouchao.pt\\\/#website\"},\"primaryImageOfPage\":{\"@id\":\"https:\\\/\\\/mouchao.pt\\\/en\\\/produto\\\/mouchao-dessert-tonel-aged-2015\\\/#primaryimage\"},\"image\":{\"@id\":\"https:\\\/\\\/mouchao.pt\\\/en\\\/produto\\\/mouchao-dessert-tonel-aged-2015\\\/#primaryimage\"},\"thumbnailUrl\":\"https:\\\/\\\/mouchao.pt\\\/wp-content\\\/uploads\\\/2022\\\/09\\\/Mouchao-Tonel-Aged-2014-Vinho-Fortificado.jpg\",\"datePublished\":\"2022-12-15T12:46:45+00:00\",\"dateModified\":\"2024-01-29T15:51:26+00:00\",\"description\":\"Este vinho \u00e9 produzido exclusivamente a partir de uvas da casta Alicante Bouschet e pisado a p\u00e9s em lagares tradicionais.\u00a0\",\"breadcrumb\":{\"@id\":\"https:\\\/\\\/mouchao.pt\\\/en\\\/produto\\\/mouchao-dessert-tonel-aged-2015\\\/#breadcrumb\"},\"inLanguage\":\"en-US\",\"potentialAction\":[{\"@type\":\"ReadAction\",\"target\":[\"https:\\\/\\\/mouchao.pt\\\/en\\\/produto\\\/mouchao-dessert-tonel-aged-2015\\\/\"]}]},{\"@type\":\"ImageObject\",\"inLanguage\":\"en-US\",\"@id\":\"https:\\\/\\\/mouchao.pt\\\/en\\\/produto\\\/mouchao-dessert-tonel-aged-2015\\\/#primaryimage\",\"url\":\"https:\\\/\\\/mouchao.pt\\\/wp-content\\\/uploads\\\/2022\\\/09\\\/Mouchao-Tonel-Aged-2014-Vinho-Fortificado.jpg\",\"contentUrl\":\"https:\\\/\\\/mouchao.pt\\\/wp-content\\\/uploads\\\/2022\\\/09\\\/Mouchao-Tonel-Aged-2014-Vinho-Fortificado.jpg\",\"width\":1500,\"height\":1500},{\"@type\":\"BreadcrumbList\",\"@id\":\"https:\\\/\\\/mouchao.pt\\\/en\\\/produto\\\/mouchao-dessert-tonel-aged-2015\\\/#breadcrumb\",\"itemListElement\":[{\"@type\":\"ListItem\",\"position\":1,\"name\":\"Homepage\",\"item\":\"https:\\\/\\\/mouchao.pt\\\/en\\\/\"},{\"@type\":\"ListItem\",\"position\":2,\"name\":\"Shop\",\"item\":\"https:\\\/\\\/mouchao.pt\\\/en\\\/?page_id=1869\"},{\"@type\":\"ListItem\",\"position\":3,\"name\":\"Mouch\u00e3o Dessert Tonel Aged 2015\"}]},{\"@type\":\"WebSite\",\"@id\":\"https:\\\/\\\/mouchao.pt\\\/#website\",\"url\":\"https:\\\/\\\/mouchao.pt\\\/\",\"name\":\"Herdade do Mouch\u00e3o\",\"description\":\"Alentejo\",\"publisher\":{\"@id\":\"https:\\\/\\\/mouchao.pt\\\/#organization\"},\"alternateName\":\"Herdade do Mouch\u00e3o\",\"potentialAction\":[{\"@type\":\"SearchAction\",\"target\":{\"@type\":\"EntryPoint\",\"urlTemplate\":\"https:\\\/\\\/mouchao.pt\\\/?s={search_term_string}\"},\"query-input\":{\"@type\":\"PropertyValueSpecification\",\"valueRequired\":true,\"valueName\":\"search_term_string\"}}],\"inLanguage\":\"en-US\"},{\"@type\":\"Organization\",\"@id\":\"https:\\\/\\\/mouchao.pt\\\/#organization\",\"name\":\"Herdade do Mouch\u00e3o\",\"alternateName\":\"Herdade do Mouch\u00e3o\",\"url\":\"https:\\\/\\\/mouchao.pt\\\/\",\"logo\":{\"@type\":\"ImageObject\",\"inLanguage\":\"en-US\",\"@id\":\"https:\\\/\\\/mouchao.pt\\\/#\\\/schema\\\/logo\\\/image\\\/\",\"url\":\"https:\\\/\\\/mouchao.pt\\\/wp-content\\\/uploads\\\/2022\\\/09\\\/Herdade-do-mouchao_logo_b.svg\",\"contentUrl\":\"https:\\\/\\\/mouchao.pt\\\/wp-content\\\/uploads\\\/2022\\\/09\\\/Herdade-do-mouchao_logo_b.svg\",\"width\":165,\"height\":30,\"caption\":\"Herdade do Mouch\u00e3o\"},\"image\":{\"@id\":\"https:\\\/\\\/mouchao.pt\\\/#\\\/schema\\\/logo\\\/image\\\/\"},\"sameAs\":[\"https:\\\/\\\/www.facebook.com\\\/adegadomouchao\",\"https:\\\/\\\/www.instagram.com\\\/herdadedomouchao\\\/\"]}]}<\/script>\n<!-- \/ Yoast SEO plugin. -->","yoast_head_json":{"title":"Mouch\u00e3o Dessert Tonel Aged 2015 - Herdade do Mouch\u00e3o","description":"Este vinho \u00e9 produzido exclusivamente a partir de uvas da casta Alicante Bouschet e pisado a p\u00e9s em lagares tradicionais.\u00a0","robots":{"index":"index","follow":"follow","max-snippet":"max-snippet:-1","max-image-preview":"max-image-preview:large","max-video-preview":"max-video-preview:-1"},"canonical":"https:\/\/mouchao.pt\/en\/produto\/mouchao-dessert-tonel-aged-2015\/","og_locale":"en_US","og_type":"article","og_title":"Mouch\u00e3o Dessert Tonel Aged 2015 - Herdade do Mouch\u00e3o","og_description":"Este vinho \u00e9 produzido exclusivamente a partir de uvas da casta Alicante Bouschet e pisado a p\u00e9s em lagares tradicionais.\u00a0","og_url":"https:\/\/mouchao.pt\/en\/produto\/mouchao-dessert-tonel-aged-2015\/","og_site_name":"Herdade do Mouch\u00e3o","article_publisher":"https:\/\/www.facebook.com\/adegadomouchao","article_modified_time":"2024-01-29T15:51:26+00:00","og_image":[{"width":1500,"height":1500,"url":"https:\/\/mouchao.pt\/wp-content\/uploads\/2022\/09\/Mouchao-Tonel-Aged-2014-Vinho-Fortificado.jpg","type":"image\/jpeg"}],"twitter_card":"summary_large_image","twitter_misc":{"Est. reading time":"2 minutes"},"schema":{"@context":"https:\/\/schema.org","@graph":[{"@type":"WebPage","@id":"https:\/\/mouchao.pt\/en\/produto\/mouchao-dessert-tonel-aged-2015\/","url":"https:\/\/mouchao.pt\/en\/produto\/mouchao-dessert-tonel-aged-2015\/","name":"Mouch\u00e3o Dessert Tonel Aged 2015 - Herdade do Mouch\u00e3o","isPartOf":{"@id":"https:\/\/mouchao.pt\/#website"},"primaryImageOfPage":{"@id":"https:\/\/mouchao.pt\/en\/produto\/mouchao-dessert-tonel-aged-2015\/#primaryimage"},"image":{"@id":"https:\/\/mouchao.pt\/en\/produto\/mouchao-dessert-tonel-aged-2015\/#primaryimage"},"thumbnailUrl":"https:\/\/mouchao.pt\/wp-content\/uploads\/2022\/09\/Mouchao-Tonel-Aged-2014-Vinho-Fortificado.jpg","datePublished":"2022-12-15T12:46:45+00:00","dateModified":"2024-01-29T15:51:26+00:00","description":"Este vinho \u00e9 produzido exclusivamente a partir de uvas da casta Alicante Bouschet e pisado a p\u00e9s em lagares tradicionais.\u00a0","breadcrumb":{"@id":"https:\/\/mouchao.pt\/en\/produto\/mouchao-dessert-tonel-aged-2015\/#breadcrumb"},"inLanguage":"en-US","potentialAction":[{"@type":"ReadAction","target":["https:\/\/mouchao.pt\/en\/produto\/mouchao-dessert-tonel-aged-2015\/"]}]},{"@type":"ImageObject","inLanguage":"en-US","@id":"https:\/\/mouchao.pt\/en\/produto\/mouchao-dessert-tonel-aged-2015\/#primaryimage","url":"https:\/\/mouchao.pt\/wp-content\/uploads\/2022\/09\/Mouchao-Tonel-Aged-2014-Vinho-Fortificado.jpg","contentUrl":"https:\/\/mouchao.pt\/wp-content\/uploads\/2022\/09\/Mouchao-Tonel-Aged-2014-Vinho-Fortificado.jpg","width":1500,"height":1500},{"@type":"BreadcrumbList","@id":"https:\/\/mouchao.pt\/en\/produto\/mouchao-dessert-tonel-aged-2015\/#breadcrumb","itemListElement":[{"@type":"ListItem","position":1,"name":"Homepage","item":"https:\/\/mouchao.pt\/en\/"},{"@type":"ListItem","position":2,"name":"Shop","item":"https:\/\/mouchao.pt\/en\/?page_id=1869"},{"@type":"ListItem","position":3,"name":"Mouch\u00e3o Dessert Tonel Aged 2015"}]},{"@type":"WebSite","@id":"https:\/\/mouchao.pt\/#website","url":"https:\/\/mouchao.pt\/","name":"Herdade do Mouch\u00e3o","description":"Alentejo","publisher":{"@id":"https:\/\/mouchao.pt\/#organization"},"alternateName":"Herdade do Mouch\u00e3o","potentialAction":[{"@type":"SearchAction","target":{"@type":"EntryPoint","urlTemplate":"https:\/\/mouchao.pt\/?s={search_term_string}"},"query-input":{"@type":"PropertyValueSpecification","valueRequired":true,"valueName":"search_term_string"}}],"inLanguage":"en-US"},{"@type":"Organization","@id":"https:\/\/mouchao.pt\/#organization","name":"Herdade do Mouch\u00e3o","alternateName":"Herdade do Mouch\u00e3o","url":"https:\/\/mouchao.pt\/","logo":{"@type":"ImageObject","inLanguage":"en-US","@id":"https:\/\/mouchao.pt\/#\/schema\/logo\/image\/","url":"https:\/\/mouchao.pt\/wp-content\/uploads\/2022\/09\/Herdade-do-mouchao_logo_b.svg","contentUrl":"https:\/\/mouchao.pt\/wp-content\/uploads\/2022\/09\/Herdade-do-mouchao_logo_b.svg","width":165,"height":30,"caption":"Herdade do Mouch\u00e3o"},"image":{"@id":"https:\/\/mouchao.pt\/#\/schema\/logo\/image\/"},"sameAs":["https:\/\/www.facebook.com\/adegadomouchao","https:\/\/www.instagram.com\/herdadedomouchao\/"]}]}},"_links":{"self":[{"href":"https:\/\/mouchao.pt\/en\/wp-json\/wp\/v2\/product\/1883","targetHints":{"allow":["GET"]}}],"collection":[{"href":"https:\/\/mouchao.pt\/en\/wp-json\/wp\/v2\/product"}],"about":[{"href":"https:\/\/mouchao.pt\/en\/wp-json\/wp\/v2\/types\/product"}],"wp:featuredmedia":[{"embeddable":true,"href":"https:\/\/mouchao.pt\/en\/wp-json\/wp\/v2\/media\/1035"}],"wp:attachment":[{"href":"https:\/\/mouchao.pt\/en\/wp-json\/wp\/v2\/media?parent=1883"}],"wp:term":[{"taxonomy":"product_brand","embeddable":true,"href":"https:\/\/mouchao.pt\/en\/wp-json\/wp\/v2\/product_brand?post=1883"},{"taxonomy":"product_cat","embeddable":true,"href":"https:\/\/mouchao.pt\/en\/wp-json\/wp\/v2\/product_cat?post=1883"},{"taxonomy":"product_tag","embeddable":true,"href":"https:\/\/mouchao.pt\/en\/wp-json\/wp\/v2\/product_tag?post=1883"}],"curies":[{"name":"wp","href":"https:\/\/api.w.org\/{rel}","templated":true}]}}