{"id":1884,"date":"2022-12-15T12:44:44","date_gmt":"2022-12-15T12:44:44","guid":{"rendered":"https:\/\/mouchao.pt\/product\/mouchao-tonel-no-3-4-tinto-2013\/"},"modified":"2024-02-23T11:33:51","modified_gmt":"2024-02-23T11:33:51","slug":"mouchao-tonel-no-3-4-2013","status":"publish","type":"product","link":"https:\/\/mouchao.pt\/en\/product\/mouchao-tonel-no-3-4-2013\/","title":{"rendered":"Mouch\u00e3o Tonel N\u00ba 3-4 2013"},"content":{"rendered":"<p><strong>MOUCH\u00c3O TONEL N\u00ba 3-4 2013 \u2013 TECHNICAL INFORMATION<\/strong><\/p>\n<p><strong>VINIFICATION<\/strong><\/p>\n<p>At Mouch\u00e3o, all our red wines are vinified in open stone troughs, known as <em>lagares<\/em>. Whole bunches, including stems, are included in the maceration process making harvest timing especially critical to find the delicate balance between sugars, acids and overall phenological maturity, as well as stalk lignification.<\/p>\n<p>Produced only in years with outstanding conditions.\u00a0 These prized grapes are foot-trodden and fermented for 4-6 days and racked straight into two 5,000L <em>toneis<\/em> N\u00ba 3 and 4 &#8211; the winemaker\u2019s choice for holding the year\u2019s best Alicante Bouschets. The wine remains there for a minimum of four years and is matured for a further four in bottle.<\/p>\n<p><strong>VITICULTURE<\/strong><\/p>\n<p>Alicante Bouschet grapes are sourced exclusively from the well-drained, alluvial loams of the Carapetos vineyard &#8211; 25 years old at harvest. \u00a0\u00a0Average yields for this vineyard are 4.03t\/Ha since 2010.\u00a0 <strong>\u00a0<\/strong><\/p>\n<p>Responsible husbandry and care in the vineyard is critical for harvesting the best fruit and sustaining our healthy bee population.<\/p>\n<p><strong>GROWING SEASON 2013<\/strong><\/p>\n<p>Following good winter rainfall, the 2013 growing season was marked by a warm dry spring and record summer heat.\u00a0 Heavy rains fell at the end of September, after the harvest.<\/p>\n<p><strong>TASTING NOTES<\/strong><\/p>\n<p>Complex spices and minty freshness displayed by this wine continues to astonish even us, given the extreme growing temperatures.\u00a0 Intense garnet colour and aromas of black fruit, Indian ink, pencil lead, black olives, mint, and spices.\u00a0 Its structured, exuberant tannins help guarantee its longevity.<\/p>\n<p>Despite its considerable ageing potential, it is showing beautifully in its youth.<\/p>\n<p><strong>SERVING SUGGESTIONS<\/strong><\/p>\n<p>Decant or open 12 to 24 hours beforehand, particularly before 2035. \u00a0Best served between 15\u00baC to 19\u00baC, alongside roasts, game, or hearty casseroles.<\/p>\n<p>&nbsp;<\/p>\n<p style=\"text-align: justify;\">Technical Sheets:\u00a0 <a href=\"https:\/\/mouchao.pt\/wp-content\/uploads\/2024\/01\/EN-Mouchao-Tonel-No-3-4-2013-Technical-Sheet.pdf\">2013<\/a><\/p>\n","protected":false},"excerpt":{"rendered":"<p><strong>Probably the most emblematic expression of the Alicante Bouschet variety in all its fullness and its great aging potential.<\/strong><\/p>\n<p>The renowned Carapetos vineyard is traditionally home to Mouch\u00e3o\u2019s best Alicante Bouschet fruit.\u00a0 In exceptional years, small parcels of this fruit are selected for this complex and intense varietal wine.<\/p>\n<p>Adhering to the estate\u2019s traditional winemaking methods, grapes are hand-picked, foot-trodden and whole-bunch fermented in open stone <em>lagares<\/em>.\u00a0 Following a secondary manual press in the century-old wooden basket presses, the wine is aged for four to five years in two ancient 5000L barrels \u2013 <em>tonel<\/em> n\u00ba 3 and<em> tonel<\/em> n\u00ba 4.\u00a0 Once bottled, it is cellared for a further four years.\u00a0 With its exceptional ageing capacity, Mouch\u00e3o Tonel N\u00ba 3-4 can take 15 to 20 years after harvest to reach its full maturity, sometimes peaking long after that.<\/p>\n","protected":false},"featured_media":1034,"template":"","meta":{"_acf_changed":false},"product_brand":[],"product_cat":[75],"product_tag":[],"class_list":{"0":"post-1884","1":"product","2":"type-product","3":"status-publish","4":"has-post-thumbnail","6":"product_cat-wines","8":"first","9":"onbackorder","10":"taxable","11":"shipping-taxable","12":"purchasable","13":"product-type-simple"},"acf":[],"yoast_head":"<!-- This site is optimized with the Yoast SEO plugin v27.4 - https:\/\/yoast.com\/product\/yoast-seo-wordpress\/ -->\n<title>Mouch\u00e3o Tonel N\u00ba 3-4 2013 - Herdade do Mouch\u00e3o<\/title>\n<meta name=\"description\" content=\"\u00c9 provavelmente a mais emblem\u00e1tica express\u00e3o da casta Alicante Bouschet em toda a sua plenitude e do seu grande potencial de guarda.\" \/>\n<meta name=\"robots\" content=\"index, follow, max-snippet:-1, max-image-preview:large, max-video-preview:-1\" \/>\n<link rel=\"canonical\" href=\"https:\/\/mouchao.pt\/en\/product\/mouchao-tonel-no-3-4-2013\/\" \/>\n<meta property=\"og:locale\" content=\"en_US\" \/>\n<meta property=\"og:type\" content=\"article\" \/>\n<meta property=\"og:title\" content=\"Mouch\u00e3o Tonel N\u00ba 3-4 2013 - Herdade do Mouch\u00e3o\" \/>\n<meta property=\"og:description\" content=\"\u00c9 provavelmente a mais emblem\u00e1tica express\u00e3o da casta Alicante Bouschet em toda a sua plenitude e do seu grande potencial de guarda.\" \/>\n<meta property=\"og:url\" content=\"https:\/\/mouchao.pt\/en\/product\/mouchao-tonel-no-3-4-2013\/\" \/>\n<meta property=\"og:site_name\" content=\"Herdade do Mouch\u00e3o\" \/>\n<meta property=\"article:publisher\" content=\"https:\/\/www.facebook.com\/adegadomouchao\" \/>\n<meta property=\"article:modified_time\" content=\"2024-02-23T11:33:51+00:00\" \/>\n<meta property=\"og:image\" content=\"https:\/\/mouchao.pt\/wp-content\/uploads\/2022\/09\/Mouchao-Tonel-3-4-2013-Tinto.jpg\" \/>\n\t<meta property=\"og:image:width\" content=\"1500\" \/>\n\t<meta property=\"og:image:height\" content=\"1500\" \/>\n\t<meta property=\"og:image:type\" content=\"image\/jpeg\" \/>\n<meta name=\"twitter:card\" content=\"summary_large_image\" \/>\n<meta name=\"twitter:label1\" content=\"Est. reading time\" \/>\n\t<meta name=\"twitter:data1\" content=\"2 minutes\" \/>\n<script type=\"application\/ld+json\" class=\"yoast-schema-graph\">{\"@context\":\"https:\\\/\\\/schema.org\",\"@graph\":[{\"@type\":\"WebPage\",\"@id\":\"https:\\\/\\\/mouchao.pt\\\/en\\\/product\\\/mouchao-tonel-no-3-4-2013\\\/\",\"url\":\"https:\\\/\\\/mouchao.pt\\\/en\\\/product\\\/mouchao-tonel-no-3-4-2013\\\/\",\"name\":\"Mouch\u00e3o Tonel N\u00ba 3-4 2013 - Herdade do Mouch\u00e3o\",\"isPartOf\":{\"@id\":\"https:\\\/\\\/mouchao.pt\\\/#website\"},\"primaryImageOfPage\":{\"@id\":\"https:\\\/\\\/mouchao.pt\\\/en\\\/product\\\/mouchao-tonel-no-3-4-2013\\\/#primaryimage\"},\"image\":{\"@id\":\"https:\\\/\\\/mouchao.pt\\\/en\\\/product\\\/mouchao-tonel-no-3-4-2013\\\/#primaryimage\"},\"thumbnailUrl\":\"https:\\\/\\\/mouchao.pt\\\/wp-content\\\/uploads\\\/2022\\\/09\\\/Mouchao-Tonel-3-4-2013-Tinto.jpg\",\"datePublished\":\"2022-12-15T12:44:44+00:00\",\"dateModified\":\"2024-02-23T11:33:51+00:00\",\"description\":\"\u00c9 provavelmente a mais emblem\u00e1tica express\u00e3o da casta Alicante Bouschet em toda a sua plenitude e do seu grande potencial de guarda.\",\"breadcrumb\":{\"@id\":\"https:\\\/\\\/mouchao.pt\\\/en\\\/product\\\/mouchao-tonel-no-3-4-2013\\\/#breadcrumb\"},\"inLanguage\":\"en-US\",\"potentialAction\":[{\"@type\":\"ReadAction\",\"target\":[\"https:\\\/\\\/mouchao.pt\\\/en\\\/product\\\/mouchao-tonel-no-3-4-2013\\\/\"]}]},{\"@type\":\"ImageObject\",\"inLanguage\":\"en-US\",\"@id\":\"https:\\\/\\\/mouchao.pt\\\/en\\\/product\\\/mouchao-tonel-no-3-4-2013\\\/#primaryimage\",\"url\":\"https:\\\/\\\/mouchao.pt\\\/wp-content\\\/uploads\\\/2022\\\/09\\\/Mouchao-Tonel-3-4-2013-Tinto.jpg\",\"contentUrl\":\"https:\\\/\\\/mouchao.pt\\\/wp-content\\\/uploads\\\/2022\\\/09\\\/Mouchao-Tonel-3-4-2013-Tinto.jpg\",\"width\":1500,\"height\":1500},{\"@type\":\"BreadcrumbList\",\"@id\":\"https:\\\/\\\/mouchao.pt\\\/en\\\/product\\\/mouchao-tonel-no-3-4-2013\\\/#breadcrumb\",\"itemListElement\":[{\"@type\":\"ListItem\",\"position\":1,\"name\":\"Homepage\",\"item\":\"https:\\\/\\\/mouchao.pt\\\/en\\\/\"},{\"@type\":\"ListItem\",\"position\":2,\"name\":\"Shop\",\"item\":\"https:\\\/\\\/mouchao.pt\\\/en\\\/?page_id=1869\"},{\"@type\":\"ListItem\",\"position\":3,\"name\":\"Mouch\u00e3o Tonel N\u00ba 3-4 2013\"}]},{\"@type\":\"WebSite\",\"@id\":\"https:\\\/\\\/mouchao.pt\\\/#website\",\"url\":\"https:\\\/\\\/mouchao.pt\\\/\",\"name\":\"Herdade do Mouch\u00e3o\",\"description\":\"Alentejo\",\"publisher\":{\"@id\":\"https:\\\/\\\/mouchao.pt\\\/#organization\"},\"alternateName\":\"Herdade do Mouch\u00e3o\",\"potentialAction\":[{\"@type\":\"SearchAction\",\"target\":{\"@type\":\"EntryPoint\",\"urlTemplate\":\"https:\\\/\\\/mouchao.pt\\\/?s={search_term_string}\"},\"query-input\":{\"@type\":\"PropertyValueSpecification\",\"valueRequired\":true,\"valueName\":\"search_term_string\"}}],\"inLanguage\":\"en-US\"},{\"@type\":\"Organization\",\"@id\":\"https:\\\/\\\/mouchao.pt\\\/#organization\",\"name\":\"Herdade do Mouch\u00e3o\",\"alternateName\":\"Herdade do Mouch\u00e3o\",\"url\":\"https:\\\/\\\/mouchao.pt\\\/\",\"logo\":{\"@type\":\"ImageObject\",\"inLanguage\":\"en-US\",\"@id\":\"https:\\\/\\\/mouchao.pt\\\/#\\\/schema\\\/logo\\\/image\\\/\",\"url\":\"https:\\\/\\\/mouchao.pt\\\/wp-content\\\/uploads\\\/2022\\\/09\\\/Herdade-do-mouchao_logo_b.svg\",\"contentUrl\":\"https:\\\/\\\/mouchao.pt\\\/wp-content\\\/uploads\\\/2022\\\/09\\\/Herdade-do-mouchao_logo_b.svg\",\"width\":165,\"height\":30,\"caption\":\"Herdade do Mouch\u00e3o\"},\"image\":{\"@id\":\"https:\\\/\\\/mouchao.pt\\\/#\\\/schema\\\/logo\\\/image\\\/\"},\"sameAs\":[\"https:\\\/\\\/www.facebook.com\\\/adegadomouchao\",\"https:\\\/\\\/www.instagram.com\\\/herdadedomouchao\\\/\"]}]}<\/script>\n<!-- \/ Yoast SEO plugin. -->","yoast_head_json":{"title":"Mouch\u00e3o Tonel N\u00ba 3-4 2013 - Herdade do Mouch\u00e3o","description":"\u00c9 provavelmente a mais emblem\u00e1tica express\u00e3o da casta Alicante Bouschet em toda a sua plenitude e do seu grande potencial de guarda.","robots":{"index":"index","follow":"follow","max-snippet":"max-snippet:-1","max-image-preview":"max-image-preview:large","max-video-preview":"max-video-preview:-1"},"canonical":"https:\/\/mouchao.pt\/en\/product\/mouchao-tonel-no-3-4-2013\/","og_locale":"en_US","og_type":"article","og_title":"Mouch\u00e3o Tonel N\u00ba 3-4 2013 - Herdade do Mouch\u00e3o","og_description":"\u00c9 provavelmente a mais emblem\u00e1tica express\u00e3o da casta Alicante Bouschet em toda a sua plenitude e do seu grande potencial de guarda.","og_url":"https:\/\/mouchao.pt\/en\/product\/mouchao-tonel-no-3-4-2013\/","og_site_name":"Herdade do Mouch\u00e3o","article_publisher":"https:\/\/www.facebook.com\/adegadomouchao","article_modified_time":"2024-02-23T11:33:51+00:00","og_image":[{"width":1500,"height":1500,"url":"https:\/\/mouchao.pt\/wp-content\/uploads\/2022\/09\/Mouchao-Tonel-3-4-2013-Tinto.jpg","type":"image\/jpeg"}],"twitter_card":"summary_large_image","twitter_misc":{"Est. reading time":"2 minutes"},"schema":{"@context":"https:\/\/schema.org","@graph":[{"@type":"WebPage","@id":"https:\/\/mouchao.pt\/en\/product\/mouchao-tonel-no-3-4-2013\/","url":"https:\/\/mouchao.pt\/en\/product\/mouchao-tonel-no-3-4-2013\/","name":"Mouch\u00e3o Tonel N\u00ba 3-4 2013 - Herdade do Mouch\u00e3o","isPartOf":{"@id":"https:\/\/mouchao.pt\/#website"},"primaryImageOfPage":{"@id":"https:\/\/mouchao.pt\/en\/product\/mouchao-tonel-no-3-4-2013\/#primaryimage"},"image":{"@id":"https:\/\/mouchao.pt\/en\/product\/mouchao-tonel-no-3-4-2013\/#primaryimage"},"thumbnailUrl":"https:\/\/mouchao.pt\/wp-content\/uploads\/2022\/09\/Mouchao-Tonel-3-4-2013-Tinto.jpg","datePublished":"2022-12-15T12:44:44+00:00","dateModified":"2024-02-23T11:33:51+00:00","description":"\u00c9 provavelmente a mais emblem\u00e1tica express\u00e3o da casta Alicante Bouschet em toda a sua plenitude e do seu grande potencial de guarda.","breadcrumb":{"@id":"https:\/\/mouchao.pt\/en\/product\/mouchao-tonel-no-3-4-2013\/#breadcrumb"},"inLanguage":"en-US","potentialAction":[{"@type":"ReadAction","target":["https:\/\/mouchao.pt\/en\/product\/mouchao-tonel-no-3-4-2013\/"]}]},{"@type":"ImageObject","inLanguage":"en-US","@id":"https:\/\/mouchao.pt\/en\/product\/mouchao-tonel-no-3-4-2013\/#primaryimage","url":"https:\/\/mouchao.pt\/wp-content\/uploads\/2022\/09\/Mouchao-Tonel-3-4-2013-Tinto.jpg","contentUrl":"https:\/\/mouchao.pt\/wp-content\/uploads\/2022\/09\/Mouchao-Tonel-3-4-2013-Tinto.jpg","width":1500,"height":1500},{"@type":"BreadcrumbList","@id":"https:\/\/mouchao.pt\/en\/product\/mouchao-tonel-no-3-4-2013\/#breadcrumb","itemListElement":[{"@type":"ListItem","position":1,"name":"Homepage","item":"https:\/\/mouchao.pt\/en\/"},{"@type":"ListItem","position":2,"name":"Shop","item":"https:\/\/mouchao.pt\/en\/?page_id=1869"},{"@type":"ListItem","position":3,"name":"Mouch\u00e3o Tonel N\u00ba 3-4 2013"}]},{"@type":"WebSite","@id":"https:\/\/mouchao.pt\/#website","url":"https:\/\/mouchao.pt\/","name":"Herdade do Mouch\u00e3o","description":"Alentejo","publisher":{"@id":"https:\/\/mouchao.pt\/#organization"},"alternateName":"Herdade do Mouch\u00e3o","potentialAction":[{"@type":"SearchAction","target":{"@type":"EntryPoint","urlTemplate":"https:\/\/mouchao.pt\/?s={search_term_string}"},"query-input":{"@type":"PropertyValueSpecification","valueRequired":true,"valueName":"search_term_string"}}],"inLanguage":"en-US"},{"@type":"Organization","@id":"https:\/\/mouchao.pt\/#organization","name":"Herdade do Mouch\u00e3o","alternateName":"Herdade do Mouch\u00e3o","url":"https:\/\/mouchao.pt\/","logo":{"@type":"ImageObject","inLanguage":"en-US","@id":"https:\/\/mouchao.pt\/#\/schema\/logo\/image\/","url":"https:\/\/mouchao.pt\/wp-content\/uploads\/2022\/09\/Herdade-do-mouchao_logo_b.svg","contentUrl":"https:\/\/mouchao.pt\/wp-content\/uploads\/2022\/09\/Herdade-do-mouchao_logo_b.svg","width":165,"height":30,"caption":"Herdade do Mouch\u00e3o"},"image":{"@id":"https:\/\/mouchao.pt\/#\/schema\/logo\/image\/"},"sameAs":["https:\/\/www.facebook.com\/adegadomouchao","https:\/\/www.instagram.com\/herdadedomouchao\/"]}]}},"_links":{"self":[{"href":"https:\/\/mouchao.pt\/en\/wp-json\/wp\/v2\/product\/1884","targetHints":{"allow":["GET"]}}],"collection":[{"href":"https:\/\/mouchao.pt\/en\/wp-json\/wp\/v2\/product"}],"about":[{"href":"https:\/\/mouchao.pt\/en\/wp-json\/wp\/v2\/types\/product"}],"wp:featuredmedia":[{"embeddable":true,"href":"https:\/\/mouchao.pt\/en\/wp-json\/wp\/v2\/media\/1034"}],"wp:attachment":[{"href":"https:\/\/mouchao.pt\/en\/wp-json\/wp\/v2\/media?parent=1884"}],"wp:term":[{"taxonomy":"product_brand","embeddable":true,"href":"https:\/\/mouchao.pt\/en\/wp-json\/wp\/v2\/product_brand?post=1884"},{"taxonomy":"product_cat","embeddable":true,"href":"https:\/\/mouchao.pt\/en\/wp-json\/wp\/v2\/product_cat?post=1884"},{"taxonomy":"product_tag","embeddable":true,"href":"https:\/\/mouchao.pt\/en\/wp-json\/wp\/v2\/product_tag?post=1884"}],"curies":[{"name":"wp","href":"https:\/\/api.w.org\/{rel}","templated":true}]}}