{"id":1885,"date":"2022-12-15T12:40:56","date_gmt":"2022-12-15T12:40:56","guid":{"rendered":"https:\/\/mouchao.pt\/product\/mouchao-tinto-2015\/"},"modified":"2024-02-23T11:22:00","modified_gmt":"2024-02-23T11:22:00","slug":"mouchao-2016","status":"publish","type":"product","link":"https:\/\/mouchao.pt\/en\/product\/mouchao-2016\/","title":{"rendered":"Mouch\u00e3o 2016"},"content":{"rendered":"<p style=\"text-align: justify;\"><strong>MOUCH\u00c3O 2016 &#8211; TECHNICAL INFORMATION<\/strong><\/p>\n<p><strong>VINIFICATION<\/strong><\/p>\n<p>At Mouch\u00e3o, all our red wines are vinified in open stone troughs, known as <em>lagares<\/em>. Whole bunches, including stems, are included in the maceration process making harvest timing especially critical to find the delicate balance between sugars, acids and overall phenological maturity, as well as stalk lignification.\u00a0 The handpicked bunches are foot-trodden twice daily and allowed to ferment for roughly 4-7 days. The wine then undergoes malo-lactic fermentation in large 5000L wooden <em>ton\u00e9is<\/em>.\u00a0 Racked in mid-winter, the wine then remains undisturbed for a further four years. Once bottled, it is matured in our cellars for a further 18 months before being released.<\/p>\n<p><strong>VITICULTURE<\/strong><\/p>\n<p>Responsible husbandry and care in the vineyard is critical for harvesting the best fruit and sustaining our healthy bee population.\u00a0\u00a0Vineyard plots and varieties are harvested separately.\u00a0\u00a0The Alicante Bouschet and Trincadeira were sourced from 27-year-old vines grown on the well-drained, alluvial loams of the Carrapetos vineyard. A low yielding vineyard block, contributing significantly to concentration, overall quality, and expression.\u00a0 The 19-year-old Dourada Vineyard, characterized by Mediterranean red loams and an underlayer of chalk, contributes a riper, plummier Alicante Bouschet.<\/p>\n<p><strong>GROWING SEASON 2016<\/strong><\/p>\n<p>Following a second consecutive dry winter, mid to end of season growing temperatures were unrelenting and the harvest arrived some 10 days early. Diligent winemaking ensured that quality expectations were exceeded, resulting in another great Mouch\u00e3o.<\/p>\n<p><strong>TASTING NOTES<\/strong><\/p>\n<p>Intense garnet colour and aromas of spicy black fruit, plum jam, ripe olives with the underlying stemmy-minty hallmark. Wonderfully fresh and structured yet balanced and with exuberant tannins that guarantee its longevity.<\/p>\n<p><strong>SERVING SUGGESTIONS<\/strong><\/p>\n<p>Decant or open 12 to 24 hours beforehand, particularly before 2036. \u00a0Best served at 17\u00bac, alongside roasts, game, or hearty casseroles.<\/p>\n<p>&nbsp;<\/p>\n<p><strong>Technical Sheets:\u00a0 <\/strong>2016\u00a0 |\u00a0 <a href=\"https:\/\/mouchao.pt\/wp-content\/uploads\/2024\/01\/EN-Mouchao-2015-Technical-Sheet.pdf\">2015<\/a>\u00a0 |\u00a0 <a href=\"https:\/\/mouchao.pt\/wp-content\/uploads\/2024\/01\/EN-Mouchao-2014-Technical-Sheet.pdf\">2014<\/a>\u00a0 |\u00a0\u00a0<a href=\"https:\/\/mouchao.pt\/wp-content\/uploads\/2024\/01\/EN-Mouchao-2013-Technical-Sheet.pdf\">2013<\/a>\u00a0 |\u00a0\u00a0<a href=\"https:\/\/mouchao.pt\/wp-content\/uploads\/2024\/01\/EN-Mouchao-2012-Technical-Sheet.pdf\">2012<\/a><\/p>\n","protected":false},"excerpt":{"rendered":"<p><strong>The estate\u2019s flagship wine in all its typicity.\u00a0 First bottled in 1949, it reflects the expression of Alicante Bouschet, terroir, and tradition.<\/strong><\/p>\n<p>This wine is crafted using only the best estate grown Alicante Bouschet grapes.\u00a0 A small amount of Trincadeira from our renowned Carapetos vineyard, is also added in the final blend.<\/p>\n<p>Winemaking methods used are the estate\u2019s trademark and tradition.\u00a0 The hand-picked grapes are transported to the winery in small baskets, carefully foot-trodden and whole bunch fermented in open stone <em>lagares<\/em>. \u00a0The wine is then aged in the ancient 5000L barrels, made of Portuguese oak and mahogany, for at least four years.\u00a0 Once bottled it will cellar for a further 18 months.\u00a0 The resulting wine clearly reflects its origin, the Alicante Bouschet character, respect for tradition and slow aging process.<\/p>\n<p>Mouch\u00e3o is deep coloured and concentrated.\u00a0 Full, complex but equally fresh and elegant.\u00a0 The unique tannin structure enhances its cellaring potential. \u00a0It can improve significantly if kept for up to two decades, or longer.<\/p>\n","protected":false},"featured_media":1030,"template":"","meta":{"_acf_changed":false},"product_brand":[],"product_cat":[75],"product_tag":[],"class_list":{"0":"post-1885","1":"product","2":"type-product","3":"status-publish","4":"has-post-thumbnail","6":"product_cat-wines","8":"first","9":"outofstock","10":"taxable","11":"shipping-taxable","12":"purchasable","13":"product-type-simple"},"acf":[],"yoast_head":"<!-- This site is optimized with the Yoast SEO plugin v27.4 - https:\/\/yoast.com\/product\/yoast-seo-wordpress\/ -->\n<title>Mouch\u00e3o 2016 - Herdade do Mouch\u00e3o<\/title>\n<meta name=\"description\" content=\"\u00c9 um vinho cujo sabor expressa a sua matura\u00e7\u00e3o lenta e que reflecte fortemente a sua origem e o respeito pela tradi\u00e7\u00e3o.\" \/>\n<meta name=\"robots\" content=\"index, follow, max-snippet:-1, max-image-preview:large, max-video-preview:-1\" \/>\n<link rel=\"canonical\" href=\"https:\/\/mouchao.pt\/en\/product\/mouchao-2016\/\" \/>\n<meta property=\"og:locale\" content=\"en_US\" \/>\n<meta property=\"og:type\" content=\"article\" \/>\n<meta property=\"og:title\" content=\"Mouch\u00e3o 2016 - Herdade do Mouch\u00e3o\" \/>\n<meta property=\"og:description\" content=\"\u00c9 um vinho cujo sabor expressa a sua matura\u00e7\u00e3o lenta e que reflecte fortemente a sua origem e o respeito pela tradi\u00e7\u00e3o.\" \/>\n<meta property=\"og:url\" content=\"https:\/\/mouchao.pt\/en\/product\/mouchao-2016\/\" \/>\n<meta property=\"og:site_name\" content=\"Herdade do Mouch\u00e3o\" \/>\n<meta property=\"article:publisher\" content=\"https:\/\/www.facebook.com\/adegadomouchao\" \/>\n<meta property=\"article:modified_time\" content=\"2024-02-23T11:22:00+00:00\" \/>\n<meta property=\"og:image\" content=\"https:\/\/mouchao.pt\/wp-content\/uploads\/2022\/09\/Mouchao-2015-Tinto.jpg\" \/>\n\t<meta property=\"og:image:width\" content=\"1500\" \/>\n\t<meta property=\"og:image:height\" content=\"1500\" \/>\n\t<meta property=\"og:image:type\" content=\"image\/jpeg\" \/>\n<meta name=\"twitter:card\" content=\"summary_large_image\" \/>\n<meta name=\"twitter:label1\" content=\"Est. reading time\" \/>\n\t<meta name=\"twitter:data1\" content=\"2 minutes\" \/>\n<script type=\"application\/ld+json\" class=\"yoast-schema-graph\">{\"@context\":\"https:\\\/\\\/schema.org\",\"@graph\":[{\"@type\":\"WebPage\",\"@id\":\"https:\\\/\\\/mouchao.pt\\\/en\\\/product\\\/mouchao-2016\\\/\",\"url\":\"https:\\\/\\\/mouchao.pt\\\/en\\\/product\\\/mouchao-2016\\\/\",\"name\":\"Mouch\u00e3o 2016 - Herdade do Mouch\u00e3o\",\"isPartOf\":{\"@id\":\"https:\\\/\\\/mouchao.pt\\\/#website\"},\"primaryImageOfPage\":{\"@id\":\"https:\\\/\\\/mouchao.pt\\\/en\\\/product\\\/mouchao-2016\\\/#primaryimage\"},\"image\":{\"@id\":\"https:\\\/\\\/mouchao.pt\\\/en\\\/product\\\/mouchao-2016\\\/#primaryimage\"},\"thumbnailUrl\":\"https:\\\/\\\/mouchao.pt\\\/wp-content\\\/uploads\\\/2022\\\/09\\\/Mouchao-2015-Tinto.jpg\",\"datePublished\":\"2022-12-15T12:40:56+00:00\",\"dateModified\":\"2024-02-23T11:22:00+00:00\",\"description\":\"\u00c9 um vinho cujo sabor expressa a sua matura\u00e7\u00e3o lenta e que reflecte fortemente a sua origem e o respeito pela tradi\u00e7\u00e3o.\",\"breadcrumb\":{\"@id\":\"https:\\\/\\\/mouchao.pt\\\/en\\\/product\\\/mouchao-2016\\\/#breadcrumb\"},\"inLanguage\":\"en-US\",\"potentialAction\":[{\"@type\":\"ReadAction\",\"target\":[\"https:\\\/\\\/mouchao.pt\\\/en\\\/product\\\/mouchao-2016\\\/\"]}]},{\"@type\":\"ImageObject\",\"inLanguage\":\"en-US\",\"@id\":\"https:\\\/\\\/mouchao.pt\\\/en\\\/product\\\/mouchao-2016\\\/#primaryimage\",\"url\":\"https:\\\/\\\/mouchao.pt\\\/wp-content\\\/uploads\\\/2022\\\/09\\\/Mouchao-2015-Tinto.jpg\",\"contentUrl\":\"https:\\\/\\\/mouchao.pt\\\/wp-content\\\/uploads\\\/2022\\\/09\\\/Mouchao-2015-Tinto.jpg\",\"width\":1500,\"height\":1500},{\"@type\":\"BreadcrumbList\",\"@id\":\"https:\\\/\\\/mouchao.pt\\\/en\\\/product\\\/mouchao-2016\\\/#breadcrumb\",\"itemListElement\":[{\"@type\":\"ListItem\",\"position\":1,\"name\":\"Homepage\",\"item\":\"https:\\\/\\\/mouchao.pt\\\/en\\\/\"},{\"@type\":\"ListItem\",\"position\":2,\"name\":\"Shop\",\"item\":\"https:\\\/\\\/mouchao.pt\\\/en\\\/?page_id=1869\"},{\"@type\":\"ListItem\",\"position\":3,\"name\":\"Mouch\u00e3o 2016\"}]},{\"@type\":\"WebSite\",\"@id\":\"https:\\\/\\\/mouchao.pt\\\/#website\",\"url\":\"https:\\\/\\\/mouchao.pt\\\/\",\"name\":\"Herdade do Mouch\u00e3o\",\"description\":\"Alentejo\",\"publisher\":{\"@id\":\"https:\\\/\\\/mouchao.pt\\\/#organization\"},\"alternateName\":\"Herdade do Mouch\u00e3o\",\"potentialAction\":[{\"@type\":\"SearchAction\",\"target\":{\"@type\":\"EntryPoint\",\"urlTemplate\":\"https:\\\/\\\/mouchao.pt\\\/?s={search_term_string}\"},\"query-input\":{\"@type\":\"PropertyValueSpecification\",\"valueRequired\":true,\"valueName\":\"search_term_string\"}}],\"inLanguage\":\"en-US\"},{\"@type\":\"Organization\",\"@id\":\"https:\\\/\\\/mouchao.pt\\\/#organization\",\"name\":\"Herdade do Mouch\u00e3o\",\"alternateName\":\"Herdade do Mouch\u00e3o\",\"url\":\"https:\\\/\\\/mouchao.pt\\\/\",\"logo\":{\"@type\":\"ImageObject\",\"inLanguage\":\"en-US\",\"@id\":\"https:\\\/\\\/mouchao.pt\\\/#\\\/schema\\\/logo\\\/image\\\/\",\"url\":\"https:\\\/\\\/mouchao.pt\\\/wp-content\\\/uploads\\\/2022\\\/09\\\/Herdade-do-mouchao_logo_b.svg\",\"contentUrl\":\"https:\\\/\\\/mouchao.pt\\\/wp-content\\\/uploads\\\/2022\\\/09\\\/Herdade-do-mouchao_logo_b.svg\",\"width\":165,\"height\":30,\"caption\":\"Herdade do Mouch\u00e3o\"},\"image\":{\"@id\":\"https:\\\/\\\/mouchao.pt\\\/#\\\/schema\\\/logo\\\/image\\\/\"},\"sameAs\":[\"https:\\\/\\\/www.facebook.com\\\/adegadomouchao\",\"https:\\\/\\\/www.instagram.com\\\/herdadedomouchao\\\/\"]}]}<\/script>\n<!-- \/ Yoast SEO plugin. -->","yoast_head_json":{"title":"Mouch\u00e3o 2016 - Herdade do Mouch\u00e3o","description":"\u00c9 um vinho cujo sabor expressa a sua matura\u00e7\u00e3o lenta e que reflecte fortemente a sua origem e o respeito pela tradi\u00e7\u00e3o.","robots":{"index":"index","follow":"follow","max-snippet":"max-snippet:-1","max-image-preview":"max-image-preview:large","max-video-preview":"max-video-preview:-1"},"canonical":"https:\/\/mouchao.pt\/en\/product\/mouchao-2016\/","og_locale":"en_US","og_type":"article","og_title":"Mouch\u00e3o 2016 - Herdade do Mouch\u00e3o","og_description":"\u00c9 um vinho cujo sabor expressa a sua matura\u00e7\u00e3o lenta e que reflecte fortemente a sua origem e o respeito pela tradi\u00e7\u00e3o.","og_url":"https:\/\/mouchao.pt\/en\/product\/mouchao-2016\/","og_site_name":"Herdade do Mouch\u00e3o","article_publisher":"https:\/\/www.facebook.com\/adegadomouchao","article_modified_time":"2024-02-23T11:22:00+00:00","og_image":[{"width":1500,"height":1500,"url":"https:\/\/mouchao.pt\/wp-content\/uploads\/2022\/09\/Mouchao-2015-Tinto.jpg","type":"image\/jpeg"}],"twitter_card":"summary_large_image","twitter_misc":{"Est. reading time":"2 minutes"},"schema":{"@context":"https:\/\/schema.org","@graph":[{"@type":"WebPage","@id":"https:\/\/mouchao.pt\/en\/product\/mouchao-2016\/","url":"https:\/\/mouchao.pt\/en\/product\/mouchao-2016\/","name":"Mouch\u00e3o 2016 - Herdade do Mouch\u00e3o","isPartOf":{"@id":"https:\/\/mouchao.pt\/#website"},"primaryImageOfPage":{"@id":"https:\/\/mouchao.pt\/en\/product\/mouchao-2016\/#primaryimage"},"image":{"@id":"https:\/\/mouchao.pt\/en\/product\/mouchao-2016\/#primaryimage"},"thumbnailUrl":"https:\/\/mouchao.pt\/wp-content\/uploads\/2022\/09\/Mouchao-2015-Tinto.jpg","datePublished":"2022-12-15T12:40:56+00:00","dateModified":"2024-02-23T11:22:00+00:00","description":"\u00c9 um vinho cujo sabor expressa a sua matura\u00e7\u00e3o lenta e que reflecte fortemente a sua origem e o respeito pela tradi\u00e7\u00e3o.","breadcrumb":{"@id":"https:\/\/mouchao.pt\/en\/product\/mouchao-2016\/#breadcrumb"},"inLanguage":"en-US","potentialAction":[{"@type":"ReadAction","target":["https:\/\/mouchao.pt\/en\/product\/mouchao-2016\/"]}]},{"@type":"ImageObject","inLanguage":"en-US","@id":"https:\/\/mouchao.pt\/en\/product\/mouchao-2016\/#primaryimage","url":"https:\/\/mouchao.pt\/wp-content\/uploads\/2022\/09\/Mouchao-2015-Tinto.jpg","contentUrl":"https:\/\/mouchao.pt\/wp-content\/uploads\/2022\/09\/Mouchao-2015-Tinto.jpg","width":1500,"height":1500},{"@type":"BreadcrumbList","@id":"https:\/\/mouchao.pt\/en\/product\/mouchao-2016\/#breadcrumb","itemListElement":[{"@type":"ListItem","position":1,"name":"Homepage","item":"https:\/\/mouchao.pt\/en\/"},{"@type":"ListItem","position":2,"name":"Shop","item":"https:\/\/mouchao.pt\/en\/?page_id=1869"},{"@type":"ListItem","position":3,"name":"Mouch\u00e3o 2016"}]},{"@type":"WebSite","@id":"https:\/\/mouchao.pt\/#website","url":"https:\/\/mouchao.pt\/","name":"Herdade do Mouch\u00e3o","description":"Alentejo","publisher":{"@id":"https:\/\/mouchao.pt\/#organization"},"alternateName":"Herdade do Mouch\u00e3o","potentialAction":[{"@type":"SearchAction","target":{"@type":"EntryPoint","urlTemplate":"https:\/\/mouchao.pt\/?s={search_term_string}"},"query-input":{"@type":"PropertyValueSpecification","valueRequired":true,"valueName":"search_term_string"}}],"inLanguage":"en-US"},{"@type":"Organization","@id":"https:\/\/mouchao.pt\/#organization","name":"Herdade do Mouch\u00e3o","alternateName":"Herdade do Mouch\u00e3o","url":"https:\/\/mouchao.pt\/","logo":{"@type":"ImageObject","inLanguage":"en-US","@id":"https:\/\/mouchao.pt\/#\/schema\/logo\/image\/","url":"https:\/\/mouchao.pt\/wp-content\/uploads\/2022\/09\/Herdade-do-mouchao_logo_b.svg","contentUrl":"https:\/\/mouchao.pt\/wp-content\/uploads\/2022\/09\/Herdade-do-mouchao_logo_b.svg","width":165,"height":30,"caption":"Herdade do Mouch\u00e3o"},"image":{"@id":"https:\/\/mouchao.pt\/#\/schema\/logo\/image\/"},"sameAs":["https:\/\/www.facebook.com\/adegadomouchao","https:\/\/www.instagram.com\/herdadedomouchao\/"]}]}},"_links":{"self":[{"href":"https:\/\/mouchao.pt\/en\/wp-json\/wp\/v2\/product\/1885","targetHints":{"allow":["GET"]}}],"collection":[{"href":"https:\/\/mouchao.pt\/en\/wp-json\/wp\/v2\/product"}],"about":[{"href":"https:\/\/mouchao.pt\/en\/wp-json\/wp\/v2\/types\/product"}],"wp:featuredmedia":[{"embeddable":true,"href":"https:\/\/mouchao.pt\/en\/wp-json\/wp\/v2\/media\/1030"}],"wp:attachment":[{"href":"https:\/\/mouchao.pt\/en\/wp-json\/wp\/v2\/media?parent=1885"}],"wp:term":[{"taxonomy":"product_brand","embeddable":true,"href":"https:\/\/mouchao.pt\/en\/wp-json\/wp\/v2\/product_brand?post=1885"},{"taxonomy":"product_cat","embeddable":true,"href":"https:\/\/mouchao.pt\/en\/wp-json\/wp\/v2\/product_cat?post=1885"},{"taxonomy":"product_tag","embeddable":true,"href":"https:\/\/mouchao.pt\/en\/wp-json\/wp\/v2\/product_tag?post=1885"}],"curies":[{"name":"wp","href":"https:\/\/api.w.org\/{rel}","templated":true}]}}