{"id":1890,"date":"2022-12-15T12:19:25","date_gmt":"2022-12-15T12:19:25","guid":{"rendered":"https:\/\/mouchao.pt\/product\/dom-rafael-branco-2021\/"},"modified":"2024-02-21T17:11:36","modified_gmt":"2024-02-21T17:11:36","slug":"dom-rafael-white-2022","status":"publish","type":"product","link":"https:\/\/mouchao.pt\/en\/product\/dom-rafael-white-2022\/","title":{"rendered":"Dom Rafael White 2022"},"content":{"rendered":"<p><strong>DOM RAFAEL WHITE 2022 \u2013 TECHNICAL INFORMATION<\/strong><\/p>\n<p><strong>VINIFICATION<\/strong><\/p>\n<p>Arinto and Ant\u00e3o Vaz grapes are handpicked and cold fermented in stainless steel tanks at a temperature of 15\u00baC for 2-4 weeks. After its initial filtration, the wine is left on its fine lees for 5-6 months before bottling, ensuring a generous mouthfeel. The cold fermentation temperatures largely contribute to the fresh tropical &#8216;secondary&#8217; aromas while still young. The Arinto grape adds citrus freshness and minerality, while the Ant\u00e3o Vaz is known for its volume, texture, fruit, and character. The result is a firm, delicate wine with an elegant fragrance.<\/p>\n<p><strong>VITICULTURE<\/strong><\/p>\n<p>The Arinto and Ant\u00e3o Vaz varieties and vineyard plots are harvested separately, though they tend to ripen at a similar time.\u00a0 Sourced mainly from two sites: The Barragem Vineyard with its 25-year-old vines sits on skeletal, clay soils; and the Z\u00e9 Rovisco Vineyard with younger vines on well-drained alluvial soils.\u00a0 The Barragem vineyard is the larger of the two sites and is located on the banks of the estate\u2019s dam, contributing to freshness, complexity, and concentration, uncommon to wines from this region.<\/p>\n<p>Responsible husbandry and care in the vineyard is critical to harvesting the best Mouch\u00e3o fruit and sustaining our healthy bee population.<\/p>\n<p><strong>TASTING NOTES<\/strong><\/p>\n<p>Exquisitely fresh, yet full in the mouth. Clean, citrus with lively, complex, green aromas. Sourced from relatively old vineyards, this distinctive white is uncharacteristically concentrated yet elegant, with vibrant ripe fruit though delicate and crisp on the palate.<\/p>\n<p style=\"text-align: justify;\"><strong>SERVING SUGGESTIONS<\/strong><\/p>\n<p style=\"text-align: justify;\">Serve at 10\u00bac on its own, or accompanied with seafood, fish and white meat dishes. Also, a great companion for appetizers such as olives, cheeses, <em>chouri\u00e7o<\/em> and other charcuteries.<\/p>\n<p style=\"text-align: justify;\">Ficha T\u00e9cnica completa: 2022 | 2021 |\u00a0 <a href=\"https:\/\/mouchao.pt\/wp-content\/uploads\/2024\/01\/EN-Dom-Rafael-White-2020-Technical-Sheet.pdf\">2020<\/a>\u00a0 |\u00a0 <a href=\"https:\/\/mouchao.pt\/wp-content\/uploads\/2024\/01\/EN-Dom-Rafael-White-2019-Technical-Sheet.pdf\">2019<\/a> |\u00a0 2018<\/p>\n","protected":false},"excerpt":{"rendered":"<p style=\"text-align: center;\"><strong>A contemporary blend from the estate&#8217;s old vines of Ant\u00e3o Vaz, Arinto and Fern\u00e3o Pires.\u00a0 <\/strong><\/p>\n<p style=\"text-align: center;\">Since its relaunch in 1994, Dom Rafael white wines are fermented in temperature controlled stainless steel vats at a cool 15\u00baC and bottled early for a more pronounced fruit expression.<\/p>\n<p style=\"text-align: center;\">A fresh, aromatic wine, with notes of lime and lemon blossom.\u00a0 Minerality underpins the youthful structure of this wine which is best enjoyed in its early years.<\/p>\n","protected":false},"featured_media":1028,"template":"","meta":{"_acf_changed":false},"product_brand":[],"product_cat":[75],"product_tag":[],"class_list":{"0":"post-1890","1":"product","2":"type-product","3":"status-publish","4":"has-post-thumbnail","6":"product_cat-wines","8":"first","9":"instock","10":"taxable","11":"shipping-taxable","12":"purchasable","13":"product-type-simple"},"acf":[],"yoast_head":"<!-- This site is optimized with the Yoast SEO plugin v27.4 - https:\/\/yoast.com\/product\/yoast-seo-wordpress\/ -->\n<title>Dom Rafael White 2022 - Herdade do Mouch\u00e3o<\/title>\n<meta name=\"robots\" content=\"index, follow, max-snippet:-1, max-image-preview:large, max-video-preview:-1\" \/>\n<link rel=\"canonical\" href=\"https:\/\/mouchao.pt\/en\/product\/dom-rafael-white-2022\/\" \/>\n<meta property=\"og:locale\" content=\"en_US\" \/>\n<meta property=\"og:type\" content=\"article\" \/>\n<meta property=\"og:title\" content=\"Dom Rafael White 2022 - Herdade do Mouch\u00e3o\" \/>\n<meta property=\"og:description\" content=\"A contemporary blend from the estate&#039;s old vines of Ant\u00e3o Vaz, Arinto and Fern\u00e3o Pires.\u00a0  Since its relaunch in 1994, Dom Rafael white wines are fermented in temperature controlled stainless steel vats at a cool 15\u00baC and bottled early for a more pronounced fruit expression. A fresh, aromatic wine, with notes of lime and lemon blossom.\u00a0 Minerality underpins the youthful structure of this wine which is best enjoyed in its early years.\" \/>\n<meta property=\"og:url\" content=\"https:\/\/mouchao.pt\/en\/product\/dom-rafael-white-2022\/\" \/>\n<meta property=\"og:site_name\" content=\"Herdade do Mouch\u00e3o\" \/>\n<meta property=\"article:publisher\" content=\"https:\/\/www.facebook.com\/adegadomouchao\" \/>\n<meta property=\"article:modified_time\" content=\"2024-02-21T17:11:36+00:00\" \/>\n<meta property=\"og:image\" content=\"https:\/\/mouchao.pt\/wp-content\/uploads\/2022\/09\/Dom-Rafael-2020-Branco.jpg\" \/>\n\t<meta property=\"og:image:width\" content=\"1500\" \/>\n\t<meta property=\"og:image:height\" content=\"1500\" \/>\n\t<meta property=\"og:image:type\" content=\"image\/jpeg\" \/>\n<meta name=\"twitter:card\" content=\"summary_large_image\" \/>\n<meta name=\"twitter:label1\" content=\"Est. reading time\" \/>\n\t<meta name=\"twitter:data1\" content=\"2 minutes\" \/>\n<script type=\"application\/ld+json\" class=\"yoast-schema-graph\">{\"@context\":\"https:\\\/\\\/schema.org\",\"@graph\":[{\"@type\":\"WebPage\",\"@id\":\"https:\\\/\\\/mouchao.pt\\\/en\\\/product\\\/dom-rafael-white-2022\\\/\",\"url\":\"https:\\\/\\\/mouchao.pt\\\/en\\\/product\\\/dom-rafael-white-2022\\\/\",\"name\":\"Dom Rafael White 2022 - Herdade do Mouch\u00e3o\",\"isPartOf\":{\"@id\":\"https:\\\/\\\/mouchao.pt\\\/#website\"},\"primaryImageOfPage\":{\"@id\":\"https:\\\/\\\/mouchao.pt\\\/en\\\/product\\\/dom-rafael-white-2022\\\/#primaryimage\"},\"image\":{\"@id\":\"https:\\\/\\\/mouchao.pt\\\/en\\\/product\\\/dom-rafael-white-2022\\\/#primaryimage\"},\"thumbnailUrl\":\"https:\\\/\\\/mouchao.pt\\\/wp-content\\\/uploads\\\/2022\\\/09\\\/Dom-Rafael-2020-Branco.jpg\",\"datePublished\":\"2022-12-15T12:19:25+00:00\",\"dateModified\":\"2024-02-21T17:11:36+00:00\",\"breadcrumb\":{\"@id\":\"https:\\\/\\\/mouchao.pt\\\/en\\\/product\\\/dom-rafael-white-2022\\\/#breadcrumb\"},\"inLanguage\":\"en-US\",\"potentialAction\":[{\"@type\":\"ReadAction\",\"target\":[\"https:\\\/\\\/mouchao.pt\\\/en\\\/product\\\/dom-rafael-white-2022\\\/\"]}]},{\"@type\":\"ImageObject\",\"inLanguage\":\"en-US\",\"@id\":\"https:\\\/\\\/mouchao.pt\\\/en\\\/product\\\/dom-rafael-white-2022\\\/#primaryimage\",\"url\":\"https:\\\/\\\/mouchao.pt\\\/wp-content\\\/uploads\\\/2022\\\/09\\\/Dom-Rafael-2020-Branco.jpg\",\"contentUrl\":\"https:\\\/\\\/mouchao.pt\\\/wp-content\\\/uploads\\\/2022\\\/09\\\/Dom-Rafael-2020-Branco.jpg\",\"width\":1500,\"height\":1500},{\"@type\":\"BreadcrumbList\",\"@id\":\"https:\\\/\\\/mouchao.pt\\\/en\\\/product\\\/dom-rafael-white-2022\\\/#breadcrumb\",\"itemListElement\":[{\"@type\":\"ListItem\",\"position\":1,\"name\":\"Homepage\",\"item\":\"https:\\\/\\\/mouchao.pt\\\/en\\\/\"},{\"@type\":\"ListItem\",\"position\":2,\"name\":\"Shop\",\"item\":\"https:\\\/\\\/mouchao.pt\\\/en\\\/?page_id=1869\"},{\"@type\":\"ListItem\",\"position\":3,\"name\":\"Dom Rafael White 2022\"}]},{\"@type\":\"WebSite\",\"@id\":\"https:\\\/\\\/mouchao.pt\\\/#website\",\"url\":\"https:\\\/\\\/mouchao.pt\\\/\",\"name\":\"Herdade do Mouch\u00e3o\",\"description\":\"Alentejo\",\"publisher\":{\"@id\":\"https:\\\/\\\/mouchao.pt\\\/#organization\"},\"alternateName\":\"Herdade do Mouch\u00e3o\",\"potentialAction\":[{\"@type\":\"SearchAction\",\"target\":{\"@type\":\"EntryPoint\",\"urlTemplate\":\"https:\\\/\\\/mouchao.pt\\\/?s={search_term_string}\"},\"query-input\":{\"@type\":\"PropertyValueSpecification\",\"valueRequired\":true,\"valueName\":\"search_term_string\"}}],\"inLanguage\":\"en-US\"},{\"@type\":\"Organization\",\"@id\":\"https:\\\/\\\/mouchao.pt\\\/#organization\",\"name\":\"Herdade do Mouch\u00e3o\",\"alternateName\":\"Herdade do Mouch\u00e3o\",\"url\":\"https:\\\/\\\/mouchao.pt\\\/\",\"logo\":{\"@type\":\"ImageObject\",\"inLanguage\":\"en-US\",\"@id\":\"https:\\\/\\\/mouchao.pt\\\/#\\\/schema\\\/logo\\\/image\\\/\",\"url\":\"https:\\\/\\\/mouchao.pt\\\/wp-content\\\/uploads\\\/2022\\\/09\\\/Herdade-do-mouchao_logo_b.svg\",\"contentUrl\":\"https:\\\/\\\/mouchao.pt\\\/wp-content\\\/uploads\\\/2022\\\/09\\\/Herdade-do-mouchao_logo_b.svg\",\"width\":165,\"height\":30,\"caption\":\"Herdade do Mouch\u00e3o\"},\"image\":{\"@id\":\"https:\\\/\\\/mouchao.pt\\\/#\\\/schema\\\/logo\\\/image\\\/\"},\"sameAs\":[\"https:\\\/\\\/www.facebook.com\\\/adegadomouchao\",\"https:\\\/\\\/www.instagram.com\\\/herdadedomouchao\\\/\"]}]}<\/script>\n<!-- \/ Yoast SEO plugin. -->","yoast_head_json":{"title":"Dom Rafael White 2022 - Herdade do Mouch\u00e3o","robots":{"index":"index","follow":"follow","max-snippet":"max-snippet:-1","max-image-preview":"max-image-preview:large","max-video-preview":"max-video-preview:-1"},"canonical":"https:\/\/mouchao.pt\/en\/product\/dom-rafael-white-2022\/","og_locale":"en_US","og_type":"article","og_title":"Dom Rafael White 2022 - Herdade do Mouch\u00e3o","og_description":"A contemporary blend from the estate's old vines of Ant\u00e3o Vaz, Arinto and Fern\u00e3o Pires.\u00a0  Since its relaunch in 1994, Dom Rafael white wines are fermented in temperature controlled stainless steel vats at a cool 15\u00baC and bottled early for a more pronounced fruit expression. A fresh, aromatic wine, with notes of lime and lemon blossom.\u00a0 Minerality underpins the youthful structure of this wine which is best enjoyed in its early years.","og_url":"https:\/\/mouchao.pt\/en\/product\/dom-rafael-white-2022\/","og_site_name":"Herdade do Mouch\u00e3o","article_publisher":"https:\/\/www.facebook.com\/adegadomouchao","article_modified_time":"2024-02-21T17:11:36+00:00","og_image":[{"width":1500,"height":1500,"url":"https:\/\/mouchao.pt\/wp-content\/uploads\/2022\/09\/Dom-Rafael-2020-Branco.jpg","type":"image\/jpeg"}],"twitter_card":"summary_large_image","twitter_misc":{"Est. reading time":"2 minutes"},"schema":{"@context":"https:\/\/schema.org","@graph":[{"@type":"WebPage","@id":"https:\/\/mouchao.pt\/en\/product\/dom-rafael-white-2022\/","url":"https:\/\/mouchao.pt\/en\/product\/dom-rafael-white-2022\/","name":"Dom Rafael White 2022 - Herdade do Mouch\u00e3o","isPartOf":{"@id":"https:\/\/mouchao.pt\/#website"},"primaryImageOfPage":{"@id":"https:\/\/mouchao.pt\/en\/product\/dom-rafael-white-2022\/#primaryimage"},"image":{"@id":"https:\/\/mouchao.pt\/en\/product\/dom-rafael-white-2022\/#primaryimage"},"thumbnailUrl":"https:\/\/mouchao.pt\/wp-content\/uploads\/2022\/09\/Dom-Rafael-2020-Branco.jpg","datePublished":"2022-12-15T12:19:25+00:00","dateModified":"2024-02-21T17:11:36+00:00","breadcrumb":{"@id":"https:\/\/mouchao.pt\/en\/product\/dom-rafael-white-2022\/#breadcrumb"},"inLanguage":"en-US","potentialAction":[{"@type":"ReadAction","target":["https:\/\/mouchao.pt\/en\/product\/dom-rafael-white-2022\/"]}]},{"@type":"ImageObject","inLanguage":"en-US","@id":"https:\/\/mouchao.pt\/en\/product\/dom-rafael-white-2022\/#primaryimage","url":"https:\/\/mouchao.pt\/wp-content\/uploads\/2022\/09\/Dom-Rafael-2020-Branco.jpg","contentUrl":"https:\/\/mouchao.pt\/wp-content\/uploads\/2022\/09\/Dom-Rafael-2020-Branco.jpg","width":1500,"height":1500},{"@type":"BreadcrumbList","@id":"https:\/\/mouchao.pt\/en\/product\/dom-rafael-white-2022\/#breadcrumb","itemListElement":[{"@type":"ListItem","position":1,"name":"Homepage","item":"https:\/\/mouchao.pt\/en\/"},{"@type":"ListItem","position":2,"name":"Shop","item":"https:\/\/mouchao.pt\/en\/?page_id=1869"},{"@type":"ListItem","position":3,"name":"Dom Rafael White 2022"}]},{"@type":"WebSite","@id":"https:\/\/mouchao.pt\/#website","url":"https:\/\/mouchao.pt\/","name":"Herdade do Mouch\u00e3o","description":"Alentejo","publisher":{"@id":"https:\/\/mouchao.pt\/#organization"},"alternateName":"Herdade do Mouch\u00e3o","potentialAction":[{"@type":"SearchAction","target":{"@type":"EntryPoint","urlTemplate":"https:\/\/mouchao.pt\/?s={search_term_string}"},"query-input":{"@type":"PropertyValueSpecification","valueRequired":true,"valueName":"search_term_string"}}],"inLanguage":"en-US"},{"@type":"Organization","@id":"https:\/\/mouchao.pt\/#organization","name":"Herdade do Mouch\u00e3o","alternateName":"Herdade do Mouch\u00e3o","url":"https:\/\/mouchao.pt\/","logo":{"@type":"ImageObject","inLanguage":"en-US","@id":"https:\/\/mouchao.pt\/#\/schema\/logo\/image\/","url":"https:\/\/mouchao.pt\/wp-content\/uploads\/2022\/09\/Herdade-do-mouchao_logo_b.svg","contentUrl":"https:\/\/mouchao.pt\/wp-content\/uploads\/2022\/09\/Herdade-do-mouchao_logo_b.svg","width":165,"height":30,"caption":"Herdade do Mouch\u00e3o"},"image":{"@id":"https:\/\/mouchao.pt\/#\/schema\/logo\/image\/"},"sameAs":["https:\/\/www.facebook.com\/adegadomouchao","https:\/\/www.instagram.com\/herdadedomouchao\/"]}]}},"_links":{"self":[{"href":"https:\/\/mouchao.pt\/en\/wp-json\/wp\/v2\/product\/1890","targetHints":{"allow":["GET"]}}],"collection":[{"href":"https:\/\/mouchao.pt\/en\/wp-json\/wp\/v2\/product"}],"about":[{"href":"https:\/\/mouchao.pt\/en\/wp-json\/wp\/v2\/types\/product"}],"wp:featuredmedia":[{"embeddable":true,"href":"https:\/\/mouchao.pt\/en\/wp-json\/wp\/v2\/media\/1028"}],"wp:attachment":[{"href":"https:\/\/mouchao.pt\/en\/wp-json\/wp\/v2\/media?parent=1890"}],"wp:term":[{"taxonomy":"product_brand","embeddable":true,"href":"https:\/\/mouchao.pt\/en\/wp-json\/wp\/v2\/product_brand?post=1890"},{"taxonomy":"product_cat","embeddable":true,"href":"https:\/\/mouchao.pt\/en\/wp-json\/wp\/v2\/product_cat?post=1890"},{"taxonomy":"product_tag","embeddable":true,"href":"https:\/\/mouchao.pt\/en\/wp-json\/wp\/v2\/product_tag?post=1890"}],"curies":[{"name":"wp","href":"https:\/\/api.w.org\/{rel}","templated":true}]}}